{"id":1017,"date":"2025-11-14T17:22:04","date_gmt":"2025-11-14T16:22:04","guid":{"rendered":"https:\/\/additiz.com\/?post_type=product&#038;p=1017"},"modified":"2026-04-15T14:52:07","modified_gmt":"2026-04-15T12:52:07","slug":"starter-kit-jantes-awd-modele-alfa","status":"publish","type":"product","link":"https:\/\/additiz.com\/en_us\/starter-kit-jantes-awd-modele-alfa\/","title":{"rendered":"Starter Kit &#8211; Jantes pour MiniZ et chassis et 1\/28 AWD &#8211; Mod\u00e8le Alfa"},"content":{"rendered":"<p>Lot de 4 jantes avant 8.5mm, 4 jantes arri\u00e8re 11mm, set complet de flasques et d\u00e9monte flasques.<br \/>\nD\u00e9port standard de 0.5mm, particuli\u00e8rement adapt\u00e9 pour RTRC RTB et GL Racing Giulia.<br \/>\nPossibilit\u00e9 de commander avec d\u00e9port sp\u00e9cifique sur simple demande.<\/p>\n<p>Afin de garantir une r\u00e9sistance m\u00e9canique optimale, ce produit est fabriqu\u00e9 \u00e0 partir d\u2019un filament d\u2019ing\u00e9nierie de haute qualit\u00e9. Pour cette raison, seules les finitions noir, blanc et gris sont disponibles.<\/p>","protected":false},"excerpt":{"rendered":"<p>Lot de 4 jantes avant 8.5mm, 4 jantes arri\u00e8re 11mm, set complet de flasques et d\u00e9monte flasques. D\u00e9port standard de [&hellip;]<\/p>\n","protected":false},"featured_media":1192,"template":"","meta":{"site-sidebar-layout":"default","site-content-layout":"","ast-site-content-layout":"default","site-content-style":"default","site-sidebar-style":"default","ast-global-header-display":"","ast-banner-title-visibility":"","ast-main-header-display":"","ast-hfb-above-header-display":"","ast-hfb-below-header-display":"","ast-hfb-mobile-header-display":"","site-post-title":"","ast-breadcrumbs-content":"","ast-featured-img":"","footer-sml-layout":"","ast-disable-related-posts":"","theme-transparent-header-meta":"default","adv-header-id-meta":"","stick-header-meta":"","header-above-stick-meta":"","header-main-stick-meta":"","header-below-stick-meta":"","astra-migrate-meta-layouts":"set","ast-page-background-enabled":"default","ast-page-background-meta":{"desktop":{"background-color":"var(--ast-global-color-5)","background-image":"","background-repeat":"repeat","background-position":"center center","background-size":"auto","background-attachment":"scroll","background-type":"","background-media":"","overlay-type":"","overlay-color":"","overlay-opacity":"","overlay-gradient":""},"tablet":{"background-color":"","background-image":"","background-repeat":"repeat","background-position":"center center","background-size":"auto","background-attachment":"scroll","background-type":"","background-media":"","overlay-type":"","overlay-color":"","overlay-opacity":"","overlay-gradient":""},"mobile":{"background-color":"","background-image":"","background-repeat":"repeat","background-position":"center center","background-size":"auto","background-attachment":"scroll","background-type":"","background-media":"","overlay-type":"","overlay-color":"","overlay-opacity":"","overlay-gradient":""}},"ast-content-background-meta":{"desktop":{"background-color":"var(--ast-global-color-4)","background-image":"","background-repeat":"repeat","background-position":"center center","background-size":"auto","background-attachment":"scroll","background-type":"","background-media":"","overlay-type":"","overlay-color":"","overlay-opacity":"","overlay-gradient":""},"tablet":{"background-color":"var(--ast-global-color-4)","background-image":"","background-repeat":"repeat","background-position":"center center","background-size":"auto","background-attachment":"scroll","background-type":"","background-media":"","overlay-type":"","overlay-color":"","overlay-opacity":"","overlay-gradient":""},"mobile":{"background-color":"var(--ast-global-color-4)","background-image":"","background-repeat":"repeat","background-position":"center center","background-size":"auto","background-attachment":"scroll","background-type":"","background-media":"","overlay-type":"","overlay-color":"","overlay-opacity":"","overlay-gradient":""}}},"product_brand":[20],"product_cat":[199,189,50,49,184,187,186,185,188,194],"product_tag":[54,55,73,53],"class_list":{"0":"post-1017","1":"product","2":"type-product","3":"status-publish","4":"has-post-thumbnail","6":"product_brand-additiz-rc","7":"product_cat-1-28","8":"product_cat-additiz-rc","9":"product_cat-jantes-awd-4x4","10":"product_cat-jantes-miniz-et-1-28","11":"product_cat-le-shop","12":"product_cat-par-categories","13":"product_cat-par-disciplines","14":"product_cat-par-echelle","15":"product_cat-par-marques","16":"product_cat-vitesse-par-discipline","17":"product_tag-1-28","18":"product_tag-4x4","19":"product_tag-jante","20":"product_tag-miniz","21":"desktop-align-left","22":"tablet-align-left","23":"mobile-align-left","25":"first","26":"instock","27":"taxable","28":"shipping-taxable","29":"purchasable","30":"product-type-variable","31":"has-default-attributes"},"_links":{"self":[{"href":"https:\/\/additiz.com\/en_us\/wp-json\/wp\/v2\/product\/1017","targetHints":{"allow":["GET"]}}],"collection":[{"href":"https:\/\/additiz.com\/en_us\/wp-json\/wp\/v2\/product"}],"about":[{"href":"https:\/\/additiz.com\/en_us\/wp-json\/wp\/v2\/types\/product"}],"wp:featuredmedia":[{"embeddable":true,"href":"https:\/\/additiz.com\/en_us\/wp-json\/wp\/v2\/media\/1192"}],"wp:attachment":[{"href":"https:\/\/additiz.com\/en_us\/wp-json\/wp\/v2\/media?parent=1017"}],"wp:term":[{"taxonomy":"product_brand","embeddable":true,"href":"https:\/\/additiz.com\/en_us\/wp-json\/wp\/v2\/product_brand?post=1017"},{"taxonomy":"product_cat","embeddable":true,"href":"https:\/\/additiz.com\/en_us\/wp-json\/wp\/v2\/product_cat?post=1017"},{"taxonomy":"product_tag","embeddable":true,"href":"https:\/\/additiz.com\/en_us\/wp-json\/wp\/v2\/product_tag?post=1017"}],"curies":[{"name":"wp","href":"https:\/\/api.w.org\/{rel}","templated":true}]}}