{"id":1259,"date":"2025-12-12T14:00:39","date_gmt":"2025-12-12T13:00:39","guid":{"rendered":"https:\/\/additiz.com\/?post_type=product&#038;p=1259"},"modified":"2026-02-14T23:08:43","modified_gmt":"2026-02-14T22:08:43","slug":"chassis-club-race-hero-crh28","status":"publish","type":"product","link":"https:\/\/additiz.com\/en_us\/chassis-club-race-hero-crh28\/","title":{"rendered":"Ch\u00e2ssis Club Race Hero CRH28 \u2013 service d\u2019impression 3D haute qualit\u00e9"},"content":{"rendered":"<p data-start=\"564\" data-end=\"915\">Ce <strong data-start=\"567\" data-end=\"599\">ch\u00e2ssis Club Race Hero CRH28<\/strong> est la base id\u00e9ale pour construire ta <strong data-start=\"638\" data-end=\"673\">voiture RC \u00e0 l\u2019\u00e9chelle\u202f1\/28\u202fRWD<\/strong>. Issu d\u2019un design <strong data-start=\"692\" data-end=\"752\">open source et approuv\u00e9 par la communaut\u00e9 Club Race Hero<\/strong>, il est imprim\u00e9 \u00e0 la demande.<br \/>\nPour garantir une r\u00e9sistance m\u00e9canique optimale, le ch\u00e2ssis est fabriqu\u00e9s en filament d\u2019ing\u00e9nierie de haute qualit\u00e9. Il est disponibles uniquement en noir, blanc ou gris, pour un rendu sobre et durable.<\/p>\n<p data-start=\"917\" data-end=\"1154\">Chez Additiz, nous te proposons <strong data-start=\"949\" data-end=\"976\">le ch\u00e2ssis d\u00e9j\u00e0 imprim\u00e9<\/strong>, ce qui te permet d\u2019<strong data-start=\"997\" data-end=\"1055\">\u00e9viter le travail complexe de l\u2019impression 3D toi\u2011m\u00eame<\/strong> tout en conservant la libert\u00e9 de personnaliser ton v\u00e9hicule.<\/p>\n<p>Nous fournissons uniquement le service d\u2019impression et non le kit de montage complet. Vous devrez vous procurer s\u00e9par\u00e9ment les \u00e9l\u00e9ments recommand\u00e9s pour le Club Race Hero, tels qu\u2019indiqu\u00e9s sur le site du concepteur.<\/p>\n<p>Afin de garantir une r\u00e9sistance m\u00e9canique optimale, ce produit est fabriqu\u00e9 \u00e0 partir d\u2019un filament d\u2019ing\u00e9nierie de haute qualit\u00e9. Pour cette raison, seules les finitions noir, blanc et gris sont disponibles pour la partir principale du chassis.<\/p>\n<div class=\"ast-oembed-container\" style=\"height: 100%;\"><iframe loading=\"lazy\" title=\"3D Printed Rc Race Car - Build Guide - 1\/28th scale CRH28 Club Race Hero\" width=\"500\" height=\"281\" src=\"https:\/\/www.youtube.com\/embed\/TA8eBepZjIA?feature=oembed\" frameborder=\"0\" allow=\"accelerometer; autoplay; clipboard-write; encrypted-media; gyroscope; picture-in-picture; web-share\" referrerpolicy=\"strict-origin-when-cross-origin\" allowfullscreen><\/iframe><\/div>","protected":false},"excerpt":{"rendered":"<p><strong data-start=\"345\" data-end=\"400\">Passe \u00e0 la vitesse sup\u00e9rieure avec le ch\u00e2ssis CRH28<\/strong><br data-start=\"400\" data-end=\"403\" \/>Un ch\u00e2ssis 1\/28\u202fRWD imprim\u00e9 sur mesure, pr\u00eat \u00e0 recevoir ton set de pi\u00e8ces et roues pour des performances hallucinantes.<\/p>","protected":false},"featured_media":1261,"template":"","meta":{"site-sidebar-layout":"default","site-content-layout":"","ast-site-content-layout":"default","site-content-style":"default","site-sidebar-style":"default","ast-global-header-display":"","ast-banner-title-visibility":"","ast-main-header-display":"","ast-hfb-above-header-display":"","ast-hfb-below-header-display":"","ast-hfb-mobile-header-display":"","site-post-title":"","ast-breadcrumbs-content":"","ast-featured-img":"","footer-sml-layout":"","ast-disable-related-posts":"","theme-transparent-header-meta":"default","adv-header-id-meta":"","stick-header-meta":"","header-above-stick-meta":"","header-main-stick-meta":"","header-below-stick-meta":"","astra-migrate-meta-layouts":"set","ast-page-background-enabled":"default","ast-page-background-meta":{"desktop":{"background-color":"var(--ast-global-color-5)","background-image":"","background-repeat":"repeat","background-position":"center center","background-size":"auto","background-attachment":"scroll","background-type":"","background-media":"","overlay-type":"","overlay-color":"","overlay-opacity":"","overlay-gradient":""},"tablet":{"background-color":"","background-image":"","background-repeat":"repeat","background-position":"center center","background-size":"auto","background-attachment":"scroll","background-type":"","background-media":"","overlay-type":"","overlay-color":"","overlay-opacity":"","overlay-gradient":""},"mobile":{"background-color":"","background-image":"","background-repeat":"repeat","background-position":"center center","background-size":"auto","background-attachment":"scroll","background-type":"","background-media":"","overlay-type":"","overlay-color":"","overlay-opacity":"","overlay-gradient":""}},"ast-content-background-meta":{"desktop":{"background-color":"var(--ast-global-color-4)","background-image":"","background-repeat":"repeat","background-position":"center center","background-size":"auto","background-attachment":"scroll","background-type":"","background-media":"","overlay-type":"","overlay-color":"","overlay-opacity":"","overlay-gradient":""},"tablet":{"background-color":"var(--ast-global-color-4)","background-image":"","background-repeat":"repeat","background-position":"center center","background-size":"auto","background-attachment":"scroll","background-type":"","background-media":"","overlay-type":"","overlay-color":"","overlay-opacity":"","overlay-gradient":""},"mobile":{"background-color":"var(--ast-global-color-4)","background-image":"","background-repeat":"repeat","background-position":"center center","background-size":"auto","background-attachment":"scroll","background-type":"","background-media":"","overlay-type":"","overlay-color":"","overlay-opacity":"","overlay-gradient":""}}},"product_brand":[108],"product_cat":[199,107,191,184,187,186,185,188,194],"product_tag":[54,110,109,53],"class_list":{"0":"post-1259","1":"product","2":"type-product","3":"status-publish","4":"has-post-thumbnail","6":"product_brand-club-race-hero","7":"product_cat-1-28","8":"product_cat-chassis","9":"product_cat-club-race-hero","10":"product_cat-le-shop","11":"product_cat-par-categories","12":"product_cat-par-disciplines","13":"product_cat-par-echelle","14":"product_cat-par-marques","15":"product_cat-vitesse-par-discipline","16":"product_tag-1-28","17":"product_tag-chassis","18":"product_tag-kit","19":"product_tag-miniz","20":"desktop-align-left","21":"tablet-align-left","22":"mobile-align-left","24":"first","25":"instock","26":"taxable","27":"shipping-taxable","28":"purchasable","29":"product-type-variable"},"_links":{"self":[{"href":"https:\/\/additiz.com\/en_us\/wp-json\/wp\/v2\/product\/1259","targetHints":{"allow":["GET"]}}],"collection":[{"href":"https:\/\/additiz.com\/en_us\/wp-json\/wp\/v2\/product"}],"about":[{"href":"https:\/\/additiz.com\/en_us\/wp-json\/wp\/v2\/types\/product"}],"wp:featuredmedia":[{"embeddable":true,"href":"https:\/\/additiz.com\/en_us\/wp-json\/wp\/v2\/media\/1261"}],"wp:attachment":[{"href":"https:\/\/additiz.com\/en_us\/wp-json\/wp\/v2\/media?parent=1259"}],"wp:term":[{"taxonomy":"product_brand","embeddable":true,"href":"https:\/\/additiz.com\/en_us\/wp-json\/wp\/v2\/product_brand?post=1259"},{"taxonomy":"product_cat","embeddable":true,"href":"https:\/\/additiz.com\/en_us\/wp-json\/wp\/v2\/product_cat?post=1259"},{"taxonomy":"product_tag","embeddable":true,"href":"https:\/\/additiz.com\/en_us\/wp-json\/wp\/v2\/product_tag?post=1259"}],"curies":[{"name":"wp","href":"https:\/\/api.w.org\/{rel}","templated":true}]}}