{"id":1312,"date":"2026-01-30T16:17:29","date_gmt":"2026-01-30T15:17:29","guid":{"rendered":"https:\/\/additiz.com\/?post_type=product&#038;p=1312"},"modified":"2026-02-09T19:25:55","modified_gmt":"2026-02-09T18:25:55","slug":"barriere-pour-piste-drift-rc-1-24eme","status":"publish","type":"product","link":"https:\/\/additiz.com\/en_us\/barriere-pour-piste-drift-rc-1-24eme\/","title":{"rendered":"Barri\u00e8re pour piste Drift RC 1\/24eme"},"content":{"rendered":"<p data-start=\"2112\" data-end=\"2329\"><strong data-start=\"2112\" data-end=\"2214\">Ce set de barri\u00e8res vous permet de construire rapidement une piste de drift RC \u00e0 l\u2019\u00e9chelle 1\/24\u00e8me<\/strong> avec un rendu r\u00e9aliste. Les <strong data-start=\"2243\" data-end=\"2260\">rails souples<\/strong> offrent la possibilit\u00e9 de cr\u00e9er une piste avec des courbes libres.<\/p>\n<p data-start=\"2336\" data-end=\"2468\"><strong data-start=\"2336\" data-end=\"2378\">Les barri\u00e8res rigides sont \u00e0 assembler<\/strong> avec les \u00e9l\u00e9ments de votre choix, avec des rayons de courbure de <strong data-start=\"2444\" data-end=\"2465\">50, 100 ou 300 mm<\/strong>.<\/p>\n<p data-start=\"2475\" data-end=\"2575\"><strong data-start=\"2475\" data-end=\"2573\">Choisissez votre type de fixation en fonction de vos besoins et du rev\u00eatement de votre piste :<\/strong><\/p>\n<ul>\n<li data-start=\"2580\" data-end=\"2659\"><strong data-start=\"2580\" data-end=\"2597\">Double-face :<\/strong> large surface adh\u00e9sive \u00e0 fixer au double-face sur la piste.<\/li>\n<li data-start=\"2580\" data-end=\"2659\"><strong data-start=\"2664\" data-end=\"2683\">P\u00e2te adh\u00e9sive :<\/strong> surface creuse pour accueillir de la p\u00e2te adh\u00e9sive.<\/li>\n<li data-start=\"2580\" data-end=\"2659\"><strong data-start=\"2742\" data-end=\"2754\">Viss\u00e9e :<\/strong> un trou permet la fixation avec une vis.<\/li>\n<li data-start=\"2580\" data-end=\"2659\"><strong data-start=\"2802\" data-end=\"2813\">Pince :<\/strong> convient pour des dalles de <strong data-start=\"2842\" data-end=\"2854\">1 \u00e0 2 mm<\/strong> d\u2019\u00e9paisseur (note : il n\u2019y a pas de fixation \u00ab twin \u00bb en pince).<\/li>\n<\/ul>\n<p data-start=\"2928\" data-end=\"2962\"><strong data-start=\"2928\" data-end=\"2960\">Types de pieds de fixation :<\/strong><\/p>\n<ul>\n<li data-start=\"2967\" data-end=\"3006\"><strong data-start=\"2967\" data-end=\"2979\">Simple :<\/strong> maintien simple du rail.<\/li>\n<li data-start=\"2967\" data-end=\"3006\"><strong data-start=\"3011\" data-end=\"3024\">Raccord :<\/strong> permet de relier deux rails bout \u00e0 bout.<\/li>\n<li data-start=\"2967\" data-end=\"3006\"><strong data-start=\"3072\" data-end=\"3082\">Twin :<\/strong> permet de maintenir deux rails dos \u00e0 dos, id\u00e9al pour fermer une boucle.<\/li>\n<\/ul>\n<p data-start=\"3163\" data-end=\"3226\"><strong data-start=\"3163\" data-end=\"3189\">Composition des sets :<\/strong><br data-start=\"3189\" data-end=\"3192\" \/><strong data-start=\"3194\" data-end=\"3224\">Set de barri\u00e8res rigides :<\/strong><\/p>\n<ul>\n<li>1 rail souple int\u00e9rieur<\/li>\n<li>1 rail souple ext\u00e9rieur<\/li>\n<li>30 pieds simples<\/li>\n<li>2 pieds twin<\/li>\n<li>2 pieds raccord<\/li>\n<\/ul>\n<p data-start=\"3357\" data-end=\"3389\"><strong data-start=\"3357\" data-end=\"3387\">Set de barri\u00e8res souples :<\/strong><\/p>\n<ul>\n<li data-start=\"3394\" data-end=\"3419\">3 rails ext\u00e9rieurs R100<\/li>\n<li data-start=\"3394\" data-end=\"3419\">3 rails ext\u00e9rieurs R300<\/li>\n<li data-start=\"3394\" data-end=\"3419\">3 rails int\u00e9rieurs R100<\/li>\n<li data-start=\"3394\" data-end=\"3419\">3 rails int\u00e9rieurs R300<\/li>\n<li data-start=\"3394\" data-end=\"3419\">2 rails int\u00e9rieurs R50<\/li>\n<li data-start=\"3394\" data-end=\"3419\">10 rails \u00ab Straight line \u00bb<\/li>\n<li data-start=\"3394\" data-end=\"3419\">30 pieds simples<\/li>\n<li data-start=\"3394\" data-end=\"3419\">20 pieds twin<\/li>\n<li data-start=\"3394\" data-end=\"3419\">20 pieds raccord<\/li>\n<\/ul>\n<p data-start=\"3644\" data-end=\"3863\"><strong data-start=\"3644\" data-end=\"3682\">Pack de fixations additionnelles :<\/strong><br data-start=\"3682\" data-end=\"3685\" \/>Si vous h\u00e9sitez sur le type de fixations ou si vous souhaitez plus de vari\u00e9t\u00e9, optez pour le <strong data-start=\"3780\" data-end=\"3800\">pack additionnel<\/strong> :<br data-start=\"3802\" data-end=\"3805\" \/><strong data-start=\"3807\" data-end=\"3863\">10 pieds simples + 10 pieds twin + 10 pieds raccord.<\/strong><\/p>","protected":false},"excerpt":{"rendered":"<p><span data-sheets-root=\"1\">Cr\u00e9ez facilement et rapidement votre piste RC Drift 1\/24eme. <\/span><\/p>","protected":false},"featured_media":1394,"template":"","meta":{"site-sidebar-layout":"default","site-content-layout":"","ast-site-content-layout":"default","site-content-style":"default","site-sidebar-style":"default","ast-global-header-display":"","ast-banner-title-visibility":"","ast-main-header-display":"","ast-hfb-above-header-display":"","ast-hfb-below-header-display":"","ast-hfb-mobile-header-display":"","site-post-title":"","ast-breadcrumbs-content":"","ast-featured-img":"","footer-sml-layout":"","ast-disable-related-posts":"","theme-transparent-header-meta":"default","adv-header-id-meta":"","stick-header-meta":"","header-above-stick-meta":"","header-main-stick-meta":"","header-below-stick-meta":"","astra-migrate-meta-layouts":"set","ast-page-background-enabled":"default","ast-page-background-meta":{"desktop":{"background-color":"var(--ast-global-color-5)","background-image":"","background-repeat":"repeat","background-position":"center center","background-size":"auto","background-attachment":"scroll","background-type":"","background-media":"","overlay-type":"","overlay-color":"","overlay-opacity":"","overlay-gradient":""},"tablet":{"background-color":"","background-image":"","background-repeat":"repeat","background-position":"center center","background-size":"auto","background-attachment":"scroll","background-type":"","background-media":"","overlay-type":"","overlay-color":"","overlay-opacity":"","overlay-gradient":""},"mobile":{"background-color":"","background-image":"","background-repeat":"repeat","background-position":"center center","background-size":"auto","background-attachment":"scroll","background-type":"","background-media":"","overlay-type":"","overlay-color":"","overlay-opacity":"","overlay-gradient":""}},"ast-content-background-meta":{"desktop":{"background-color":"var(--ast-global-color-4)","background-image":"","background-repeat":"repeat","background-position":"center center","background-size":"auto","background-attachment":"scroll","background-type":"","background-media":"","overlay-type":"","overlay-color":"","overlay-opacity":"","overlay-gradient":""},"tablet":{"background-color":"var(--ast-global-color-4)","background-image":"","background-repeat":"repeat","background-position":"center center","background-size":"auto","background-attachment":"scroll","background-type":"","background-media":"","overlay-type":"","overlay-color":"","overlay-opacity":"","overlay-gradient":""},"mobile":{"background-color":"var(--ast-global-color-4)","background-image":"","background-repeat":"repeat","background-position":"center center","background-size":"auto","background-attachment":"scroll","background-type":"","background-media":"","overlay-type":"","overlay-color":"","overlay-opacity":"","overlay-gradient":""}}},"product_brand":[121],"product_cat":[199,70,190,192,184,187,186,185,188],"product_tag":[54,22,137,71],"class_list":{"0":"post-1312","1":"product","2":"type-product","3":"status-publish","4":"has-post-thumbnail","6":"product_brand-alpine-rc","7":"product_cat-1-28","8":"product_cat-piste","9":"product_cat-alpine-rc","10":"product_cat-drift","11":"product_cat-le-shop","12":"product_cat-par-categories","13":"product_cat-par-disciplines","14":"product_cat-par-echelle","15":"product_cat-par-marques","16":"product_tag-1-28","17":"product_tag-accessoires","18":"product_tag-drift","19":"product_tag-piste","20":"desktop-align-left","21":"tablet-align-left","22":"mobile-align-left","24":"first","25":"instock","26":"taxable","27":"shipping-taxable","28":"purchasable","29":"product-type-variable"},"_links":{"self":[{"href":"https:\/\/additiz.com\/en_us\/wp-json\/wp\/v2\/product\/1312","targetHints":{"allow":["GET"]}}],"collection":[{"href":"https:\/\/additiz.com\/en_us\/wp-json\/wp\/v2\/product"}],"about":[{"href":"https:\/\/additiz.com\/en_us\/wp-json\/wp\/v2\/types\/product"}],"wp:featuredmedia":[{"embeddable":true,"href":"https:\/\/additiz.com\/en_us\/wp-json\/wp\/v2\/media\/1394"}],"wp:attachment":[{"href":"https:\/\/additiz.com\/en_us\/wp-json\/wp\/v2\/media?parent=1312"}],"wp:term":[{"taxonomy":"product_brand","embeddable":true,"href":"https:\/\/additiz.com\/en_us\/wp-json\/wp\/v2\/product_brand?post=1312"},{"taxonomy":"product_cat","embeddable":true,"href":"https:\/\/additiz.com\/en_us\/wp-json\/wp\/v2\/product_cat?post=1312"},{"taxonomy":"product_tag","embeddable":true,"href":"https:\/\/additiz.com\/en_us\/wp-json\/wp\/v2\/product_tag?post=1312"}],"curies":[{"name":"wp","href":"https:\/\/api.w.org\/{rel}","templated":true}]}}