{"id":1410,"date":"2026-01-30T16:17:26","date_gmt":"2026-01-30T15:17:26","guid":{"rendered":"https:\/\/additiz.com\/?post_type=product&#038;p=1410"},"modified":"2026-02-09T19:33:35","modified_gmt":"2026-02-09T18:33:35","slug":"kit-de-vibreurs-pour-piste-rc-1-24eme","status":"publish","type":"product","link":"https:\/\/additiz.com\/en_us\/kit-de-vibreurs-pour-piste-rc-1-24eme\/","title":{"rendered":"Kit de vibreurs pour piste RC 1\/24\u00e8me"},"content":{"rendered":"<p>Donnez vie \u00e0 vos circuits RC avec ce <strong data-start=\"683\" data-end=\"733\">Kit de vibreurs pour piste \u00e0 l\u2019\u00e9chelle 1\/24\u00e8me<\/strong>\u202f! Que vous construisiez une piste pour battre des records ou simplement vous amuser entre amis, ces <strong data-start=\"834\" data-end=\"857\">\u00e9l\u00e9ments modulables<\/strong> vous permettent de cr\u00e9er des configurations r\u00e9alistes, amusantes et faciles \u00e0 assembler.<\/p>\n<p data-start=\"80\" data-end=\"350\">Les pi\u00e8ces poss\u00e8dent une cavit\u00e9 sur leur face inf\u00e9rieure, sp\u00e9cialement con\u00e7ue pour accueillir de la p\u00e2te adh\u00e9sive sans cr\u00e9er de sur\u00e9paisseur. Cela vous permet de fixer facilement certaines courbes et de maintenir vos \u00e9l\u00e9ments en place, tout en pr\u00e9servant vos surfaces. Elles peuvent \u00e9galement \u00eatre coll\u00e9es avec la solution de votre choix : adh\u00e9sif double-face, colle chaude, cyanoacrylate, etc.<br \/>\nChaque pi\u00e8ce mesure environ 40 \u00d7 20 mm, avec seulement 3,5 mm de hauteur, ce qui les rend parfaitement adapt\u00e9es aux petites \u00e9chelles.<\/p>\n<p><strong>\ud83d\udd11 Points forts<\/strong><\/p>\n<ul>\n<li><strong data-start=\"1012\" data-end=\"1034\">Design modulable :<\/strong> Composez votre piste avec des lignes droites, des courbes de diff\u00e9rents rayons et des sections en \u00ab\u202fT\u202f\u00bb pour une exp\u00e9rience de conduite dynamique.<\/li>\n<li><strong data-start=\"1227\" data-end=\"1256\">Adapt\u00e9 \u00e0 l\u2019\u00e9chelle 1\/24 :<\/strong> Pi\u00e8ces de petite hauteur (3,5\u202fmm) parfaites pour les voitures RC miniatures sans g\u00eaner le roulage.<\/li>\n<li><strong data-start=\"1402\" data-end=\"1423\">Fixation facile :<\/strong> Cavit\u00e9s sous les pi\u00e8ces con\u00e7ues pour tenir de la p\u00e2te adh\u00e9sive ou tout autre syst\u00e8me de fixation sans cr\u00e9er d\u2019\u00e9paisseur ind\u00e9sirable.<\/li>\n<li><strong data-start=\"1604\" data-end=\"1624\">Made in France :<\/strong> Con\u00e7u et fabriqu\u00e9 en Haute\u2011Savoie pour une qualit\u00e9 durable.<\/li>\n<\/ul>\n<p data-start=\"1731\" data-end=\"1758\">\ud83d\udce6 <strong data-start=\"1737\" data-end=\"1758\">Contenu des packs<\/strong><\/p>\n<p data-start=\"1760\" data-end=\"1785\"><strong data-start=\"1767\" data-end=\"1783\">Starter Pack<\/strong><\/p>\n<ul>\n<li>Vibreurs courbe R50 \u00d7 20<\/li>\n<li>Vibreurs courbe R100 \u00d7 20<\/li>\n<li>Vibreurs courbe R300 \u00d7 30<\/li>\n<li data-start=\"1875\" data-end=\"1899\">Vibreurs droits \u00d7 20<\/li>\n<li data-start=\"1900\" data-end=\"1924\">Vibreurs de bout \u00d7 6<\/li>\n<li data-start=\"1925\" data-end=\"1949\">Vibreurs \u00ab\u202fFF\u202f\u00bb \u00d7 12<\/li>\n<li data-start=\"1950\" data-end=\"1975\">Vibreurs en \u00ab\u202fT\u202f\u00bb \u00d7 4<\/li>\n<li data-start=\"1976\" data-end=\"1992\">Hairpins \u00d7 2<\/li>\n<li data-start=\"1993\" data-end=\"2043\">Liens \u00d7 12<\/li>\n<\/ul>\n<p data-start=\"2045\" data-end=\"2069\"><strong data-start=\"2052\" data-end=\"2067\">Master Pack : <\/strong>Le double du Starter Pack pour des pistes plus longues et vari\u00e9es.<\/p>\n<p data-start=\"2176\" data-end=\"2197\"><strong data-start=\"2183\" data-end=\"2195\">Pro Pack : <\/strong>Trois fois le Starter Pack pour une piste compl\u00e8te et ultra\u2011modulable.<\/p>\n<div class=\"ast-oembed-container\" style=\"height: 100%;\"><iframe loading=\"lazy\" title=\"Vibreur RC drift car -echelle 1\/24. Piste RC Drift maison sur mesure #rcdrift #Minidrift #3dprinted\" width=\"500\" height=\"281\" src=\"https:\/\/www.youtube.com\/embed\/nn7OrzW_Jy8?feature=oembed\" frameborder=\"0\" allow=\"accelerometer; autoplay; clipboard-write; encrypted-media; gyroscope; picture-in-picture; web-share\" referrerpolicy=\"strict-origin-when-cross-origin\" allowfullscreen><\/iframe><\/div>","protected":false},"excerpt":{"rendered":"<p><strong data-start=\"440\" data-end=\"493\">Composez votre piste RC id\u00e9ale en un clin d\u2019\u0153il !<\/strong><br data-start=\"493\" data-end=\"496\" \/>Accessoires modulables pour circuit \u00e0 l\u2019\u00e9chelle 1\/24, parfaits pour une exp\u00e9rience de drift r\u00e9aliste.<\/p>","protected":false},"featured_media":1420,"template":"","meta":{"site-sidebar-layout":"default","site-content-layout":"","ast-site-content-layout":"default","site-content-style":"default","site-sidebar-style":"default","ast-global-header-display":"","ast-banner-title-visibility":"","ast-main-header-display":"","ast-hfb-above-header-display":"","ast-hfb-below-header-display":"","ast-hfb-mobile-header-display":"","site-post-title":"","ast-breadcrumbs-content":"","ast-featured-img":"","footer-sml-layout":"","ast-disable-related-posts":"","theme-transparent-header-meta":"default","adv-header-id-meta":"","stick-header-meta":"","header-above-stick-meta":"","header-main-stick-meta":"","header-below-stick-meta":"","astra-migrate-meta-layouts":"set","ast-page-background-enabled":"default","ast-page-background-meta":{"desktop":{"background-color":"var(--ast-global-color-5)","background-image":"","background-repeat":"repeat","background-position":"center center","background-size":"auto","background-attachment":"scroll","background-type":"","background-media":"","overlay-type":"","overlay-color":"","overlay-opacity":"","overlay-gradient":""},"tablet":{"background-color":"","background-image":"","background-repeat":"repeat","background-position":"center center","background-size":"auto","background-attachment":"scroll","background-type":"","background-media":"","overlay-type":"","overlay-color":"","overlay-opacity":"","overlay-gradient":""},"mobile":{"background-color":"","background-image":"","background-repeat":"repeat","background-position":"center center","background-size":"auto","background-attachment":"scroll","background-type":"","background-media":"","overlay-type":"","overlay-color":"","overlay-opacity":"","overlay-gradient":""}},"ast-content-background-meta":{"desktop":{"background-color":"var(--ast-global-color-4)","background-image":"","background-repeat":"repeat","background-position":"center center","background-size":"auto","background-attachment":"scroll","background-type":"","background-media":"","overlay-type":"","overlay-color":"","overlay-opacity":"","overlay-gradient":""},"tablet":{"background-color":"var(--ast-global-color-4)","background-image":"","background-repeat":"repeat","background-position":"center center","background-size":"auto","background-attachment":"scroll","background-type":"","background-media":"","overlay-type":"","overlay-color":"","overlay-opacity":"","overlay-gradient":""},"mobile":{"background-color":"var(--ast-global-color-4)","background-image":"","background-repeat":"repeat","background-position":"center center","background-size":"auto","background-attachment":"scroll","background-type":"","background-media":"","overlay-type":"","overlay-color":"","overlay-opacity":"","overlay-gradient":""}}},"product_brand":[121],"product_cat":[198,70,190,192,184,187,186,185,188],"product_tag":[54,22,137,71],"class_list":{"0":"post-1410","1":"product","2":"type-product","3":"status-publish","4":"has-post-thumbnail","6":"product_brand-alpine-rc","7":"product_cat-1-24","8":"product_cat-piste","9":"product_cat-alpine-rc","10":"product_cat-drift","11":"product_cat-le-shop","12":"product_cat-par-categories","13":"product_cat-par-disciplines","14":"product_cat-par-echelle","15":"product_cat-par-marques","16":"product_tag-1-28","17":"product_tag-accessoires","18":"product_tag-drift","19":"product_tag-piste","20":"desktop-align-left","21":"tablet-align-left","22":"mobile-align-left","24":"first","25":"instock","26":"taxable","27":"shipping-taxable","28":"purchasable","29":"product-type-variable"},"_links":{"self":[{"href":"https:\/\/additiz.com\/en_us\/wp-json\/wp\/v2\/product\/1410","targetHints":{"allow":["GET"]}}],"collection":[{"href":"https:\/\/additiz.com\/en_us\/wp-json\/wp\/v2\/product"}],"about":[{"href":"https:\/\/additiz.com\/en_us\/wp-json\/wp\/v2\/types\/product"}],"wp:featuredmedia":[{"embeddable":true,"href":"https:\/\/additiz.com\/en_us\/wp-json\/wp\/v2\/media\/1420"}],"wp:attachment":[{"href":"https:\/\/additiz.com\/en_us\/wp-json\/wp\/v2\/media?parent=1410"}],"wp:term":[{"taxonomy":"product_brand","embeddable":true,"href":"https:\/\/additiz.com\/en_us\/wp-json\/wp\/v2\/product_brand?post=1410"},{"taxonomy":"product_cat","embeddable":true,"href":"https:\/\/additiz.com\/en_us\/wp-json\/wp\/v2\/product_cat?post=1410"},{"taxonomy":"product_tag","embeddable":true,"href":"https:\/\/additiz.com\/en_us\/wp-json\/wp\/v2\/product_tag?post=1410"}],"curies":[{"name":"wp","href":"https:\/\/api.w.org\/{rel}","templated":true}]}}