{"id":1431,"date":"2026-01-30T16:17:25","date_gmt":"2026-01-30T15:17:25","guid":{"rendered":"https:\/\/additiz.com\/?post_type=product&#038;p=1431"},"modified":"2026-02-09T19:37:41","modified_gmt":"2026-02-09T18:37:41","slug":"protection-pour-reduction-moteur-n10-n20-n30","status":"publish","type":"product","link":"https:\/\/additiz.com\/en_us\/protection-pour-reduction-moteur-n10-n20-n30\/","title":{"rendered":"Protection pour r\u00e9duction moteur N10 &#8211; N20 &#8211; N30  (2 pi\u00e8ces)"},"content":{"rendered":"<p data-start=\"576\" data-end=\"912\">Prolongez la dur\u00e9e de vie de vos moteur et r\u00e9ducteurs<strong data-start=\"609\" data-end=\"646\"> RC N10, N20 et N30<\/strong> gr\u00e2ce \u00e0 cette <strong data-start=\"661\" data-end=\"706\">protection<\/strong>.<\/p>\n<p data-start=\"914\" data-end=\"1139\">Que ce soit pour du <strong data-start=\"934\" data-end=\"955\">terrain accident\u00e9<\/strong>, des <strong data-start=\"961\" data-end=\"992\">sessions crawler intensives<\/strong> ou des <strong data-start=\"1000\" data-end=\"1027\">applications robotis\u00e9es<\/strong>, cette protection est un petit accessoire qui fait une <strong data-start=\"1083\" data-end=\"1139\">grande diff\u00e9rence pour la fiabilit\u00e9 de vos moteurs !<\/strong><\/p>\n<p data-start=\"1146\" data-end=\"1184\">\ud83d\udd11 <strong data-start=\"1152\" data-end=\"1184\">Caract\u00e9ristiques principales<\/strong><\/p>\n<ul>\n<li data-start=\"1188\" data-end=\"1332\"><strong data-start=\"1191\" data-end=\"1219\">Compatibilit\u00e9 multiple :<\/strong> con\u00e7ue pour s\u2019adapter aux motor\u00e9ducteurs <strong data-start=\"1261\" data-end=\"1280\">N10, N20 et N30<\/strong> couramment utilis\u00e9s en mod\u00e9lisme RC et robotique.<\/li>\n<li data-start=\"1188\" data-end=\"1332\"><strong data-start=\"1339\" data-end=\"1364\">Protection compl\u00e8te :<\/strong> prot\u00e8ge le couple moteur\/r\u00e9duction contre les chocs, salet\u00e9s et projections.<\/li>\n<li data-start=\"1188\" data-end=\"1332\"><strong data-start=\"1449\" data-end=\"1469\">Design compact :<\/strong> profil fin et l\u00e9ger qui n\u2019ajoute pas de volume superflu \u00e0 votre ch\u00e2ssis.<\/li>\n<li data-start=\"1188\" data-end=\"1332\"><strong data-start=\"1550\" data-end=\"1575\">Installation facile<\/strong><\/li>\n<li data-start=\"1188\" data-end=\"1332\"><strong data-start=\"1684\" data-end=\"1708\">Fabriqu\u00e9 en Haute-Savoie<\/strong><\/li>\n<\/ul>\n<p data-start=\"1814\" data-end=\"1839\">\ud83d\udce6 <strong data-start=\"1820\" data-end=\"1839\">Contenu du pack<\/strong><\/p>\n<ul>\n<li data-start=\"1814\" data-end=\"1839\">2 \u00d7 Protections pour moteur compatible N10, N20 &amp; N30<\/li>\n<\/ul>\n<p>Afin de garantir une r\u00e9sistance m\u00e9canique optimale, cette protection est fabriqu\u00e9 \u00e0 partir d\u2019un filament d\u2019ing\u00e9nierie de haute qualit\u00e9. Pour cette raison, seules les finitions noir, blanc et gris sont disponibles.<\/p>","protected":false},"excerpt":{"rendered":"<p><strong data-start=\"354\" data-end=\"405\">Prot\u00e9gez vos motor\u00e9ducteurs RC N10, N20 &amp; N30 !<\/strong><br data-start=\"405\" data-end=\"408\" \/>Une coque de protection sur-mesure pour \u00e9viter les chocs, poussi\u00e8res et accrochages sur vos micro moteurs r\u00e9ducteurs.<\/p>","protected":false},"featured_media":1447,"template":"","meta":{"site-sidebar-layout":"default","site-content-layout":"","ast-site-content-layout":"default","site-content-style":"default","site-sidebar-style":"default","ast-global-header-display":"","ast-banner-title-visibility":"","ast-main-header-display":"","ast-hfb-above-header-display":"","ast-hfb-below-header-display":"","ast-hfb-mobile-header-display":"","site-post-title":"","ast-breadcrumbs-content":"","ast-featured-img":"","footer-sml-layout":"","ast-disable-related-posts":"","theme-transparent-header-meta":"default","adv-header-id-meta":"","stick-header-meta":"","header-above-stick-meta":"","header-main-stick-meta":"","header-below-stick-meta":"","astra-migrate-meta-layouts":"set","ast-page-background-enabled":"default","ast-page-background-meta":{"desktop":{"background-color":"var(--ast-global-color-5)","background-image":"","background-repeat":"repeat","background-position":"center center","background-size":"auto","background-attachment":"scroll","background-type":"","background-media":"","overlay-type":"","overlay-color":"","overlay-opacity":"","overlay-gradient":""},"tablet":{"background-color":"","background-image":"","background-repeat":"repeat","background-position":"center center","background-size":"auto","background-attachment":"scroll","background-type":"","background-media":"","overlay-type":"","overlay-color":"","overlay-opacity":"","overlay-gradient":""},"mobile":{"background-color":"","background-image":"","background-repeat":"repeat","background-position":"center center","background-size":"auto","background-attachment":"scroll","background-type":"","background-media":"","overlay-type":"","overlay-color":"","overlay-opacity":"","overlay-gradient":""}},"ast-content-background-meta":{"desktop":{"background-color":"var(--ast-global-color-4)","background-image":"","background-repeat":"repeat","background-position":"center center","background-size":"auto","background-attachment":"scroll","background-type":"","background-media":"","overlay-type":"","overlay-color":"","overlay-opacity":"","overlay-gradient":""},"tablet":{"background-color":"var(--ast-global-color-4)","background-image":"","background-repeat":"repeat","background-position":"center center","background-size":"auto","background-attachment":"scroll","background-type":"","background-media":"","overlay-type":"","overlay-color":"","overlay-opacity":"","overlay-gradient":""},"mobile":{"background-color":"var(--ast-global-color-4)","background-image":"","background-repeat":"repeat","background-position":"center center","background-size":"auto","background-attachment":"scroll","background-type":"","background-media":"","overlay-type":"","overlay-color":"","overlay-opacity":"","overlay-gradient":""}}},"product_brand":[121],"product_cat":[201,149,190,193,184,187,186,185,188],"product_tag":[151,22,122],"class_list":{"0":"post-1431","1":"product","2":"type-product","3":"status-publish","4":"has-post-thumbnail","6":"product_brand-alpine-rc","7":"product_cat-1-32","8":"product_cat-accessoires-chassis","9":"product_cat-alpine-rc","10":"product_cat-crawler-par-discipline","11":"product_cat-le-shop","12":"product_cat-par-categories","13":"product_cat-par-disciplines","14":"product_cat-par-echelle","15":"product_cat-par-marques","16":"product_tag-1-32","17":"product_tag-accessoires","18":"product_tag-crawler","19":"desktop-align-left","20":"tablet-align-left","21":"mobile-align-left","23":"first","24":"instock","25":"taxable","26":"shipping-taxable","27":"purchasable","28":"product-type-variable","29":"has-default-attributes"},"_links":{"self":[{"href":"https:\/\/additiz.com\/en_us\/wp-json\/wp\/v2\/product\/1431","targetHints":{"allow":["GET"]}}],"collection":[{"href":"https:\/\/additiz.com\/en_us\/wp-json\/wp\/v2\/product"}],"about":[{"href":"https:\/\/additiz.com\/en_us\/wp-json\/wp\/v2\/types\/product"}],"wp:featuredmedia":[{"embeddable":true,"href":"https:\/\/additiz.com\/en_us\/wp-json\/wp\/v2\/media\/1447"}],"wp:attachment":[{"href":"https:\/\/additiz.com\/en_us\/wp-json\/wp\/v2\/media?parent=1431"}],"wp:term":[{"taxonomy":"product_brand","embeddable":true,"href":"https:\/\/additiz.com\/en_us\/wp-json\/wp\/v2\/product_brand?post=1431"},{"taxonomy":"product_cat","embeddable":true,"href":"https:\/\/additiz.com\/en_us\/wp-json\/wp\/v2\/product_cat?post=1431"},{"taxonomy":"product_tag","embeddable":true,"href":"https:\/\/additiz.com\/en_us\/wp-json\/wp\/v2\/product_tag?post=1431"}],"curies":[{"name":"wp","href":"https:\/\/api.w.org\/{rel}","templated":true}]}}