{"id":1463,"date":"2026-01-30T16:17:25","date_gmt":"2026-01-30T15:17:25","guid":{"rendered":"https:\/\/additiz.com\/?post_type=product&#038;p=1463"},"modified":"2026-02-09T19:36:21","modified_gmt":"2026-02-09T18:36:21","slug":"parcours-modulable-pour-crawler-a-lechelle-1-30eme","status":"publish","type":"product","link":"https:\/\/additiz.com\/en_us\/parcours-modulable-pour-crawler-a-lechelle-1-30eme\/","title":{"rendered":"Parcours modulable pour crawler RC 1\/30\u00e8me"},"content":{"rendered":"<p><strong data-start=\"640\" data-end=\"698\">Parcours modulable pour crawler RC \u00e0 l\u2019\u00e9chelle 1\/30\u00e8me<\/strong> !<br \/>\nCompos\u00e9 de modules faciles \u00e0 assembler, ce kit est id\u00e9al pour cr\u00e9er des circuits vari\u00e9s et stimulants adapt\u00e9s aux petits crawlers comme l\u2019<strong data-start=\"859\" data-end=\"878\">Orlandoo Hunter<\/strong>, l\u2019<strong data-start=\"882\" data-end=\"897\">Axial SCX30<\/strong>, ou le <strong data-start=\"905\" data-end=\"923\">Red Cat Ascent<\/strong>.<\/p>\n<p><strong data-start=\"964\" data-end=\"997\">Pourquoi vous allez l\u2019aimer :<\/strong><\/p>\n<ul data-start=\"1000\" data-end=\"1826\">\n<li data-start=\"1000\" data-end=\"1175\"><strong data-start=\"1005\" data-end=\"1028\">Modularit\u00e9 totale :<\/strong> Composez votre parcours selon vos envies gr\u00e2ce \u00e0 des modules longs, courts et des rampes interchangeables.<\/li>\n<li data-start=\"1176\" data-end=\"1330\"><strong data-start=\"1181\" data-end=\"1214\">Adapt\u00e9 aux petites \u00e9chelles :<\/strong> Largeur entre obstacles optimis\u00e9e pour les v\u00e9hicules RC 1\/30, 1\/32 et 1\/35.<\/li>\n<li data-start=\"1331\" data-end=\"1494\"><strong data-start=\"1336\" data-end=\"1359\">Assemblage simple :<\/strong> Les modules se fixent facilement avec les pi\u00e8ces de jonction incluses, sans outils compliqu\u00e9s.<\/li>\n<li data-start=\"1654\" data-end=\"1826\">\ud83c\udfa8 <strong data-start=\"1659\" data-end=\"1680\">Personnalisable :<\/strong> Disponible en plusieurs finitions (Blanc, Gris, Noir) et possibilit\u00e9 <strong data-start=\"1750\" data-end=\"1775\">couleur personnalis\u00e9e<\/strong> sur demande.<\/li>\n<\/ul>\n<p>Ce parcours est parfait pour les passionn\u00e9s de crawler qui veulent <strong data-start=\"1895\" data-end=\"1939\">d\u00e9velopper leurs comp\u00e9tences de pilotage<\/strong>, reproduire des configurations de franchissement r\u00e9alistes et s\u2019amuser encore plus !<\/p>\n<p data-start=\"2031\" data-end=\"2056\">\ud83d\udce6 <strong data-start=\"2037\" data-end=\"2056\">Contenu du pack<\/strong><\/p>\n<ul>\n<li>1 \u00d7 Module \u00ab A \u00bb shape bench short<\/li>\n<li>2 \u00d7 Module \u00ab U \u00bb shape bench<\/li>\n<li data-start=\"2129\" data-end=\"2161\">1 \u00d7 Module \u00ab V \u00bb shape short<\/li>\n<li data-start=\"2162\" data-end=\"2181\">1 \u00d7 Block shape<\/li>\n<li data-start=\"2182\" data-end=\"2206\">1 \u00d7 Flat bench large<\/li>\n<li data-start=\"2207\" data-end=\"2231\">1 \u00d7 Flat bench short<\/li>\n<li data-start=\"2232\" data-end=\"2254\">2 \u00d7 Mountain bench<\/li>\n<li data-start=\"2255\" data-end=\"2273\">2 \u00d7 Peak bench<\/li>\n<li data-start=\"2274\" data-end=\"2292\">4 \u00d7 Small ramp<\/li>\n<li data-start=\"2293\" data-end=\"2311\">1 \u00d7 Wave bench<\/li>\n<li data-start=\"2312\" data-end=\"2331\">8 \u00d7 Single link<\/li>\n<li data-start=\"2332\" data-end=\"2355\">5 \u00d7 Twin link 60 mm<\/li>\n<li data-start=\"2356\" data-end=\"2415\">5 \u00d7 Twin link 65 mm<\/li>\n<\/ul>","protected":false},"excerpt":{"rendered":"<p><strong data-start=\"348\" data-end=\"391\">Cr\u00e9e ton propre terrain d\u2019aventure RC !<\/strong><br data-start=\"391\" data-end=\"394\" \/>Un kit d\u2019obstacles modulables pour crawler \u00e0 l\u2019\u00e9chelle 1\/30, parfait pour relever de nouveaux d\u00e9fis.<\/p>","protected":false},"featured_media":1469,"template":"","meta":{"site-sidebar-layout":"default","site-content-layout":"","ast-site-content-layout":"default","site-content-style":"default","site-sidebar-style":"default","ast-global-header-display":"","ast-banner-title-visibility":"","ast-main-header-display":"","ast-hfb-above-header-display":"","ast-hfb-below-header-display":"","ast-hfb-mobile-header-display":"","site-post-title":"","ast-breadcrumbs-content":"","ast-featured-img":"","footer-sml-layout":"","ast-disable-related-posts":"","theme-transparent-header-meta":"default","adv-header-id-meta":"","stick-header-meta":"","header-above-stick-meta":"","header-main-stick-meta":"","header-below-stick-meta":"","astra-migrate-meta-layouts":"set","ast-page-background-enabled":"default","ast-page-background-meta":{"desktop":{"background-color":"var(--ast-global-color-5)","background-image":"","background-repeat":"repeat","background-position":"center center","background-size":"auto","background-attachment":"scroll","background-type":"","background-media":"","overlay-type":"","overlay-color":"","overlay-opacity":"","overlay-gradient":""},"tablet":{"background-color":"","background-image":"","background-repeat":"repeat","background-position":"center center","background-size":"auto","background-attachment":"scroll","background-type":"","background-media":"","overlay-type":"","overlay-color":"","overlay-opacity":"","overlay-gradient":""},"mobile":{"background-color":"","background-image":"","background-repeat":"repeat","background-position":"center center","background-size":"auto","background-attachment":"scroll","background-type":"","background-media":"","overlay-type":"","overlay-color":"","overlay-opacity":"","overlay-gradient":""}},"ast-content-background-meta":{"desktop":{"background-color":"var(--ast-global-color-4)","background-image":"","background-repeat":"repeat","background-position":"center center","background-size":"auto","background-attachment":"scroll","background-type":"","background-media":"","overlay-type":"","overlay-color":"","overlay-opacity":"","overlay-gradient":""},"tablet":{"background-color":"var(--ast-global-color-4)","background-image":"","background-repeat":"repeat","background-position":"center center","background-size":"auto","background-attachment":"scroll","background-type":"","background-media":"","overlay-type":"","overlay-color":"","overlay-opacity":"","overlay-gradient":""},"mobile":{"background-color":"var(--ast-global-color-4)","background-image":"","background-repeat":"repeat","background-position":"center center","background-size":"auto","background-attachment":"scroll","background-type":"","background-media":"","overlay-type":"","overlay-color":"","overlay-opacity":"","overlay-gradient":""}}},"product_brand":[121],"product_cat":[200,201,70,190,193,184,187,186,185,188],"product_tag":[150,151,152,22,122],"class_list":{"0":"post-1463","1":"product","2":"type-product","3":"status-publish","4":"has-post-thumbnail","6":"product_brand-alpine-rc","7":"product_cat-1-30","8":"product_cat-1-32","9":"product_cat-piste","10":"product_cat-alpine-rc","11":"product_cat-crawler-par-discipline","12":"product_cat-le-shop","13":"product_cat-par-categories","14":"product_cat-par-disciplines","15":"product_cat-par-echelle","16":"product_cat-par-marques","17":"product_tag-1-30","18":"product_tag-1-32","19":"product_tag-1-35","20":"product_tag-accessoires","21":"product_tag-crawler","22":"desktop-align-left","23":"tablet-align-left","24":"mobile-align-left","26":"first","27":"instock","28":"taxable","29":"shipping-taxable","30":"purchasable","31":"product-type-variable","32":"has-default-attributes"},"_links":{"self":[{"href":"https:\/\/additiz.com\/en_us\/wp-json\/wp\/v2\/product\/1463","targetHints":{"allow":["GET"]}}],"collection":[{"href":"https:\/\/additiz.com\/en_us\/wp-json\/wp\/v2\/product"}],"about":[{"href":"https:\/\/additiz.com\/en_us\/wp-json\/wp\/v2\/types\/product"}],"wp:featuredmedia":[{"embeddable":true,"href":"https:\/\/additiz.com\/en_us\/wp-json\/wp\/v2\/media\/1469"}],"wp:attachment":[{"href":"https:\/\/additiz.com\/en_us\/wp-json\/wp\/v2\/media?parent=1463"}],"wp:term":[{"taxonomy":"product_brand","embeddable":true,"href":"https:\/\/additiz.com\/en_us\/wp-json\/wp\/v2\/product_brand?post=1463"},{"taxonomy":"product_cat","embeddable":true,"href":"https:\/\/additiz.com\/en_us\/wp-json\/wp\/v2\/product_cat?post=1463"},{"taxonomy":"product_tag","embeddable":true,"href":"https:\/\/additiz.com\/en_us\/wp-json\/wp\/v2\/product_tag?post=1463"}],"curies":[{"name":"wp","href":"https:\/\/api.w.org\/{rel}","templated":true}]}}