{"id":1616,"date":"2026-01-30T16:17:20","date_gmt":"2026-01-30T15:17:20","guid":{"rendered":"https:\/\/additiz.com\/?post_type=product&#038;p=1616"},"modified":"2026-02-09T19:44:59","modified_gmt":"2026-02-09T18:44:59","slug":"support-de-carrosserie-pour-rc-drift-1-28","status":"publish","type":"product","link":"https:\/\/additiz.com\/en_us\/support-de-carrosserie-pour-rc-drift-1-28\/","title":{"rendered":"Support de carrosserie magn\u00e9tique pour RC Drift 1\/28"},"content":{"rendered":"<p><span data-sheets-root=\"1\">Assurez\u2011vous que votre carrosserie reste parfaitement en place lors de vos sessions de drift avec ce <strong data-start=\"712\" data-end=\"757\">Support de carrosserie pour RC Drift 1\/28<\/strong>. Con\u00e7u pour un <strong data-start=\"773\" data-end=\"804\">montage magn\u00e9tique efficace<\/strong>, ce support facilite la fixation de la carrosserie sur le ch\u00e2ssis sans clips complexes\u202f: il suffit d\u2019aimanter la carrosserie et de r\u00e9gler la hauteur selon vos besoins pour un maintien pr\u00e9cis et fiable.<br \/>\n<\/span><\/p>\n<p data-start=\"77\" data-end=\"308\">Une paire d\u2019aimants est int\u00e9gr\u00e9e aux supports, tandis que la seconde doit \u00eatre coll\u00e9e \u00e0 la carrosserie. Pour \u00e9viter tout glissement horizontal, les aimants de la carrosserie sont parfaitement maintenus par les \u00e9paules du support.<br \/>\nLe r\u00e9glage de la hauteur est simple et discret : la t\u00eate de la vis M2 est encastr\u00e9e dans la pi\u00e8ce, et la hauteur se r\u00e8gle facilement \u00e0 l\u2019aide des entretoises de diff\u00e9rentes tailles fournies dans le kit. Vissez le tout, et votre montage est pr\u00eat \u00e0 l\u2019emploi. Vous \u00eates pr\u00eat \u00e0 rouler !<\/p>\n<p>Contenu du kit:<\/p>\n<ul>\n<li>4 tours supports pour les aimants<\/li>\n<li>Ensemble d\u2019entretoises de diff\u00e9rentes tailles pour r\u00e9glage personnalis\u00e9<\/li>\n<li>8 aimants n\u00e9odyme 8&#215;3<\/li>\n<li>4 vis et 4 \u00e9crous M2<\/li>\n<\/ul>\n<p>Afin de garantir une r\u00e9sistance m\u00e9canique optimale, ce support sont fabriqu\u00e9s \u00e0 partir d\u2019un filament d\u2019ing\u00e9nierie de haute qualit\u00e9. Pour cette raison, seules les finitions noir, blanc et gris sont disponibles.<\/p>","protected":false},"excerpt":{"rendered":"<p><strong data-start=\"382\" data-end=\"428\">Fixez votre carrosserie en un clin d\u2019\u0153il\u202f!<\/strong><br data-start=\"428\" data-end=\"431\" \/>Un support ing\u00e9nieux avec aimants pour une tenue stable et rapide de la carrosserie sur votre voiture de drift \u00e0 l\u2019\u00e9chelle 1\/28\u202f!<\/p>","protected":false},"featured_media":1623,"template":"","meta":{"site-sidebar-layout":"default","site-content-layout":"","ast-site-content-layout":"default","site-content-style":"default","site-sidebar-style":"default","ast-global-header-display":"","ast-banner-title-visibility":"","ast-main-header-display":"","ast-hfb-above-header-display":"","ast-hfb-below-header-display":"","ast-hfb-mobile-header-display":"","site-post-title":"","ast-breadcrumbs-content":"","ast-featured-img":"","footer-sml-layout":"","ast-disable-related-posts":"","theme-transparent-header-meta":"default","adv-header-id-meta":"","stick-header-meta":"","header-above-stick-meta":"","header-main-stick-meta":"","header-below-stick-meta":"","astra-migrate-meta-layouts":"set","ast-page-background-enabled":"default","ast-page-background-meta":{"desktop":{"background-color":"var(--ast-global-color-5)","background-image":"","background-repeat":"repeat","background-position":"center center","background-size":"auto","background-attachment":"scroll","background-type":"","background-media":"","overlay-type":"","overlay-color":"","overlay-opacity":"","overlay-gradient":""},"tablet":{"background-color":"","background-image":"","background-repeat":"repeat","background-position":"center center","background-size":"auto","background-attachment":"scroll","background-type":"","background-media":"","overlay-type":"","overlay-color":"","overlay-opacity":"","overlay-gradient":""},"mobile":{"background-color":"","background-image":"","background-repeat":"repeat","background-position":"center center","background-size":"auto","background-attachment":"scroll","background-type":"","background-media":"","overlay-type":"","overlay-color":"","overlay-opacity":"","overlay-gradient":""}},"ast-content-background-meta":{"desktop":{"background-color":"var(--ast-global-color-4)","background-image":"","background-repeat":"repeat","background-position":"center center","background-size":"auto","background-attachment":"scroll","background-type":"","background-media":"","overlay-type":"","overlay-color":"","overlay-opacity":"","overlay-gradient":""},"tablet":{"background-color":"var(--ast-global-color-4)","background-image":"","background-repeat":"repeat","background-position":"center center","background-size":"auto","background-attachment":"scroll","background-type":"","background-media":"","overlay-type":"","overlay-color":"","overlay-opacity":"","overlay-gradient":""},"mobile":{"background-color":"var(--ast-global-color-4)","background-image":"","background-repeat":"repeat","background-position":"center center","background-size":"auto","background-attachment":"scroll","background-type":"","background-media":"","overlay-type":"","overlay-color":"","overlay-opacity":"","overlay-gradient":""}}},"product_brand":[121],"product_cat":[199,149,190,192,184,187,186,185,188],"product_tag":[171,54,22,137],"class_list":{"0":"post-1616","1":"product","2":"type-product","3":"status-publish","4":"has-post-thumbnail","6":"product_brand-alpine-rc","7":"product_cat-1-28","8":"product_cat-accessoires-chassis","9":"product_cat-alpine-rc","10":"product_cat-drift","11":"product_cat-le-shop","12":"product_cat-par-categories","13":"product_cat-par-disciplines","14":"product_cat-par-echelle","15":"product_cat-par-marques","16":"product_tag-1-24","17":"product_tag-1-28","18":"product_tag-accessoires","19":"product_tag-drift","20":"desktop-align-left","21":"tablet-align-left","22":"mobile-align-left","24":"first","25":"instock","26":"taxable","27":"shipping-taxable","28":"purchasable","29":"product-type-variable","30":"has-default-attributes"},"_links":{"self":[{"href":"https:\/\/additiz.com\/en_us\/wp-json\/wp\/v2\/product\/1616","targetHints":{"allow":["GET"]}}],"collection":[{"href":"https:\/\/additiz.com\/en_us\/wp-json\/wp\/v2\/product"}],"about":[{"href":"https:\/\/additiz.com\/en_us\/wp-json\/wp\/v2\/types\/product"}],"wp:featuredmedia":[{"embeddable":true,"href":"https:\/\/additiz.com\/en_us\/wp-json\/wp\/v2\/media\/1623"}],"wp:attachment":[{"href":"https:\/\/additiz.com\/en_us\/wp-json\/wp\/v2\/media?parent=1616"}],"wp:term":[{"taxonomy":"product_brand","embeddable":true,"href":"https:\/\/additiz.com\/en_us\/wp-json\/wp\/v2\/product_brand?post=1616"},{"taxonomy":"product_cat","embeddable":true,"href":"https:\/\/additiz.com\/en_us\/wp-json\/wp\/v2\/product_cat?post=1616"},{"taxonomy":"product_tag","embeddable":true,"href":"https:\/\/additiz.com\/en_us\/wp-json\/wp\/v2\/product_tag?post=1616"}],"curies":[{"name":"wp","href":"https:\/\/api.w.org\/{rel}","templated":true}]}}