{"id":1635,"date":"2026-01-30T16:17:20","date_gmt":"2026-01-30T15:17:20","guid":{"rendered":"https:\/\/additiz.com\/?post_type=product&#038;p=1635"},"modified":"2026-02-09T19:45:42","modified_gmt":"2026-02-09T18:45:42","slug":"set-de-cales-de-reglages-carrossages-drift-1-28","status":"publish","type":"product","link":"https:\/\/additiz.com\/en_us\/set-de-cales-de-reglages-carrossages-drift-1-28\/","title":{"rendered":"Set de cales de r\u00e9glage pour carrossages RC \u2013 Drift 1\/28 (0\u00b0\u201314\u00b0)"},"content":{"rendered":"<p data-start=\"591\" data-end=\"1040\">Optimisez la tenue de route et l\u2019angle de carrossage de votre voiture <strong data-start=\"661\" data-end=\"678\">RC Drift 1\/28<\/strong> avec ce <strong data-start=\"687\" data-end=\"729\">set de cales de r\u00e9glage de carrossages<\/strong> con\u00e7u sp\u00e9cialement pour les passionn\u00e9s de drift miniatures. Id\u00e9al pour peaufiner la g\u00e9om\u00e9trie de votre ch\u00e2ssis, ces cales permettent des r\u00e9glages rapides et pr\u00e9cis allant de <strong data-start=\"904\" data-end=\"916\">0\u00b0 \u00e0 14\u00b0<\/strong>, vous offrant un <strong data-start=\"934\" data-end=\"1001\">meilleur contr\u00f4le et une adh\u00e9rence am\u00e9lior\u00e9e dans chaque virage<\/strong>.<\/p>\n<p data-start=\"1042\" data-end=\"1307\">Que vous soyez novice ou pilote exp\u00e9riment\u00e9, ce kit devient rapidement un outil essentiel dans votre <strong data-start=\"1143\" data-end=\"1168\">trousse de r\u00e9glage RC<\/strong>, facilitant l\u2019adaptation du carrossage selon les conditions de piste ou vos pr\u00e9f\u00e9rences de pilotage.<\/p>","protected":false},"excerpt":{"rendered":"<p><strong data-start=\"395\" data-end=\"454\">Ajustez pr\u00e9cis\u00e9ment le carrossage de votre voiture RC\u202f!<\/strong><br data-start=\"454\" data-end=\"457\" \/>Un set indispensable pour affiner le comportement de votre chassis drift \u00e0 1\/24 &#8211; 1\/28.<\/p>","protected":false},"featured_media":1658,"template":"","meta":{"site-sidebar-layout":"default","site-content-layout":"","ast-site-content-layout":"default","site-content-style":"default","site-sidebar-style":"default","ast-global-header-display":"","ast-banner-title-visibility":"","ast-main-header-display":"","ast-hfb-above-header-display":"","ast-hfb-below-header-display":"","ast-hfb-mobile-header-display":"","site-post-title":"","ast-breadcrumbs-content":"","ast-featured-img":"","footer-sml-layout":"","ast-disable-related-posts":"","theme-transparent-header-meta":"default","adv-header-id-meta":"","stick-header-meta":"","header-above-stick-meta":"","header-main-stick-meta":"","header-below-stick-meta":"","astra-migrate-meta-layouts":"set","ast-page-background-enabled":"default","ast-page-background-meta":{"desktop":{"background-color":"var(--ast-global-color-5)","background-image":"","background-repeat":"repeat","background-position":"center center","background-size":"auto","background-attachment":"scroll","background-type":"","background-media":"","overlay-type":"","overlay-color":"","overlay-opacity":"","overlay-gradient":""},"tablet":{"background-color":"","background-image":"","background-repeat":"repeat","background-position":"center center","background-size":"auto","background-attachment":"scroll","background-type":"","background-media":"","overlay-type":"","overlay-color":"","overlay-opacity":"","overlay-gradient":""},"mobile":{"background-color":"","background-image":"","background-repeat":"repeat","background-position":"center center","background-size":"auto","background-attachment":"scroll","background-type":"","background-media":"","overlay-type":"","overlay-color":"","overlay-opacity":"","overlay-gradient":""}},"ast-content-background-meta":{"desktop":{"background-color":"var(--ast-global-color-4)","background-image":"","background-repeat":"repeat","background-position":"center center","background-size":"auto","background-attachment":"scroll","background-type":"","background-media":"","overlay-type":"","overlay-color":"","overlay-opacity":"","overlay-gradient":""},"tablet":{"background-color":"var(--ast-global-color-4)","background-image":"","background-repeat":"repeat","background-position":"center center","background-size":"auto","background-attachment":"scroll","background-type":"","background-media":"","overlay-type":"","overlay-color":"","overlay-opacity":"","overlay-gradient":""},"mobile":{"background-color":"var(--ast-global-color-4)","background-image":"","background-repeat":"repeat","background-position":"center center","background-size":"auto","background-attachment":"scroll","background-type":"","background-media":"","overlay-type":"","overlay-color":"","overlay-opacity":"","overlay-gradient":""}}},"product_brand":[121],"product_cat":[199,60,190,192,184,187,186,185,188],"product_tag":[171,54,22,137],"class_list":{"0":"post-1635","1":"product","2":"type-product","3":"status-publish","4":"has-post-thumbnail","6":"product_brand-alpine-rc","7":"product_cat-1-28","8":"product_cat-stand","9":"product_cat-alpine-rc","10":"product_cat-drift","11":"product_cat-le-shop","12":"product_cat-par-categories","13":"product_cat-par-disciplines","14":"product_cat-par-echelle","15":"product_cat-par-marques","16":"product_tag-1-24","17":"product_tag-1-28","18":"product_tag-accessoires","19":"product_tag-drift","20":"desktop-align-left","21":"tablet-align-left","22":"mobile-align-left","24":"first","25":"instock","26":"taxable","27":"shipping-taxable","28":"purchasable","29":"product-type-variable","30":"has-default-attributes"},"_links":{"self":[{"href":"https:\/\/additiz.com\/en_us\/wp-json\/wp\/v2\/product\/1635","targetHints":{"allow":["GET"]}}],"collection":[{"href":"https:\/\/additiz.com\/en_us\/wp-json\/wp\/v2\/product"}],"about":[{"href":"https:\/\/additiz.com\/en_us\/wp-json\/wp\/v2\/types\/product"}],"wp:featuredmedia":[{"embeddable":true,"href":"https:\/\/additiz.com\/en_us\/wp-json\/wp\/v2\/media\/1658"}],"wp:attachment":[{"href":"https:\/\/additiz.com\/en_us\/wp-json\/wp\/v2\/media?parent=1635"}],"wp:term":[{"taxonomy":"product_brand","embeddable":true,"href":"https:\/\/additiz.com\/en_us\/wp-json\/wp\/v2\/product_brand?post=1635"},{"taxonomy":"product_cat","embeddable":true,"href":"https:\/\/additiz.com\/en_us\/wp-json\/wp\/v2\/product_cat?post=1635"},{"taxonomy":"product_tag","embeddable":true,"href":"https:\/\/additiz.com\/en_us\/wp-json\/wp\/v2\/product_tag?post=1635"}],"curies":[{"name":"wp","href":"https:\/\/api.w.org\/{rel}","templated":true}]}}