{"id":6127,"date":"2026-02-21T11:22:22","date_gmt":"2026-02-21T10:22:22","guid":{"rendered":"https:\/\/additiz.com\/?post_type=product&#038;p=6127"},"modified":"2026-02-21T11:41:27","modified_gmt":"2026-02-21T10:41:27","slug":"doorok-set-complet-de-panneaux-de-carrosserie-avec-supports-de-led-gardes-boue-et-plaques-de-treuil","status":"publish","type":"product","link":"https:\/\/additiz.com\/en_us\/doorok-set-complet-de-panneaux-de-carrosserie-avec-supports-de-led-gardes-boue-et-plaques-de-treuil\/","title":{"rendered":"Doorok &#8211; Set complet de panneaux de carrosserie avec supports de LED, gardes boue et plaques de treuil"},"content":{"rendered":"<p data-start=\"582\" data-end=\"969\">Personnalise et prot\u00e8ge ton <strong data-start=\"610\" data-end=\"654\">crawler Doorok Fastback \u00e0 l\u2019\u00e9chelle 1\/32<\/strong> gr\u00e2ce \u00e0 ce <strong data-start=\"666\" data-end=\"700\">set de panneaux de carrosserie <\/strong>sp\u00e9cialement con\u00e7u pour s\u2019adapter parfaitement \u00e0 la cage tubulaire de ton mod\u00e8le. Ce kit apporte une <strong data-start=\"802\" data-end=\"830\">touche esth\u00e9tique unique<\/strong>, une <strong data-start=\"836\" data-end=\"873\">protection contre les projections<\/strong> et une <strong data-start=\"881\" data-end=\"910\">installation ultra rapide<\/strong>, sans prise de t\u00eate.<\/p>\n<p data-start=\"1261\" data-end=\"1424\">Les panneaux se fixent directement \u00e0 la <strong data-start=\"1301\" data-end=\"1316\">cage Doorok Fastback<\/strong> \u00e0 l\u2019aide de vis non incluses.<\/p>\n<p>J&rsquo;ai cr\u00e9\u00e9 ce kit en m&rsquo;inspirant des camions Ultra4, en ajoutant des garde-boue, une barre lumineuse et une plaque de treuil \u00e0 l&rsquo;avant et \u00e0 l&rsquo;arri\u00e8re. Trois styles diff\u00e9rents sont disponibles pour cette conception, tous viss\u00e9s de l&rsquo;int\u00e9rieur directement dans le capot. Cela permet de dissimuler les deux vis de fixation avant du capot sur sa face sup\u00e9rieure.<\/p>\n<p>La face avant, la face arri\u00e8re et le toit sont dot\u00e9s d&rsquo;une fente pour accueillir des LED SMD 1206.<br \/>\nVous pouvez alimenter vos LED avec un ESC Azure Hawker Tarsi, un syst\u00e8me Orlandoo Hunter D4L ou un module d&rsquo;\u00e9clairage fait maison (<a href=\"https:\/\/www.youtube.com\/watch?v=ylyiyXxW560\" target=\"_blank\" rel=\"noopener\">tutoriel disponible sur ma cha\u00eene YouTube<\/a>).<\/p>\n<p>Si vous n&rsquo;avez pas encore de Doorok, rendez-vous sur <a href=\"https:\/\/www.tiny4x4.com\" target=\"_blank\" rel=\"noopener\">Tiny4X4.com<\/a> et commandez votre kit.<\/p>\n<p>Veuillez noter que ce mod\u00e8le a \u00e9t\u00e9 dessin\u00e9 \u00e0 partir de la version Fastback cage et n&rsquo;a pas \u00e9t\u00e9 test\u00e9 sur les 2 autres versions.<\/p>","protected":false},"excerpt":{"rendered":"<p><strong data-start=\"354\" data-end=\"389\">Habille ton Doorok avec style !<br \/>\n<\/strong>Habillage complet avec supports de LEDs pour Tiny4X4 Doorok FastBack, faciles \u00e0 monter et disponibles en plusieurs couleurs.<\/p>","protected":false},"featured_media":6166,"template":"","meta":{"site-sidebar-layout":"default","site-content-layout":"","ast-site-content-layout":"default","site-content-style":"default","site-sidebar-style":"default","ast-global-header-display":"","ast-banner-title-visibility":"","ast-main-header-display":"","ast-hfb-above-header-display":"","ast-hfb-below-header-display":"","ast-hfb-mobile-header-display":"","site-post-title":"","ast-breadcrumbs-content":"","ast-featured-img":"","footer-sml-layout":"","ast-disable-related-posts":"","theme-transparent-header-meta":"default","adv-header-id-meta":"","stick-header-meta":"","header-above-stick-meta":"","header-main-stick-meta":"","header-below-stick-meta":"","astra-migrate-meta-layouts":"set","ast-page-background-enabled":"default","ast-page-background-meta":{"desktop":{"background-color":"var(--ast-global-color-5)","background-image":"","background-repeat":"repeat","background-position":"center center","background-size":"auto","background-attachment":"scroll","background-type":"","background-media":"","overlay-type":"","overlay-color":"","overlay-opacity":"","overlay-gradient":""},"tablet":{"background-color":"","background-image":"","background-repeat":"repeat","background-position":"center center","background-size":"auto","background-attachment":"scroll","background-type":"","background-media":"","overlay-type":"","overlay-color":"","overlay-opacity":"","overlay-gradient":""},"mobile":{"background-color":"","background-image":"","background-repeat":"repeat","background-position":"center center","background-size":"auto","background-attachment":"scroll","background-type":"","background-media":"","overlay-type":"","overlay-color":"","overlay-opacity":"","overlay-gradient":""}},"ast-content-background-meta":{"desktop":{"background-color":"var(--ast-global-color-4)","background-image":"","background-repeat":"repeat","background-position":"center center","background-size":"auto","background-attachment":"scroll","background-type":"","background-media":"","overlay-type":"","overlay-color":"","overlay-opacity":"","overlay-gradient":""},"tablet":{"background-color":"var(--ast-global-color-4)","background-image":"","background-repeat":"repeat","background-position":"center center","background-size":"auto","background-attachment":"scroll","background-type":"","background-media":"","overlay-type":"","overlay-color":"","overlay-opacity":"","overlay-gradient":""},"mobile":{"background-color":"var(--ast-global-color-4)","background-image":"","background-repeat":"repeat","background-position":"center center","background-size":"auto","background-attachment":"scroll","background-type":"","background-media":"","overlay-type":"","overlay-color":"","overlay-opacity":"","overlay-gradient":""}}},"product_brand":[121],"product_cat":[201,149,190,193,184,187,186,185,188],"product_tag":[151,22,122,170,169],"class_list":{"0":"post-6127","1":"product","2":"type-product","3":"status-publish","4":"has-post-thumbnail","6":"product_brand-alpine-rc","7":"product_cat-1-32","8":"product_cat-accessoires-chassis","9":"product_cat-alpine-rc","10":"product_cat-crawler-par-discipline","11":"product_cat-le-shop","12":"product_cat-par-categories","13":"product_cat-par-disciplines","14":"product_cat-par-echelle","15":"product_cat-par-marques","16":"product_tag-1-32","17":"product_tag-accessoires","18":"product_tag-crawler","19":"product_tag-doorok","20":"product_tag-orlandoo-hunter","21":"desktop-align-left","22":"tablet-align-left","23":"mobile-align-left","25":"first","26":"instock","27":"taxable","28":"shipping-taxable","29":"purchasable","30":"product-type-variable","31":"has-default-attributes"},"_links":{"self":[{"href":"https:\/\/additiz.com\/en_us\/wp-json\/wp\/v2\/product\/6127","targetHints":{"allow":["GET"]}}],"collection":[{"href":"https:\/\/additiz.com\/en_us\/wp-json\/wp\/v2\/product"}],"about":[{"href":"https:\/\/additiz.com\/en_us\/wp-json\/wp\/v2\/types\/product"}],"wp:featuredmedia":[{"embeddable":true,"href":"https:\/\/additiz.com\/en_us\/wp-json\/wp\/v2\/media\/6166"}],"wp:attachment":[{"href":"https:\/\/additiz.com\/en_us\/wp-json\/wp\/v2\/media?parent=6127"}],"wp:term":[{"taxonomy":"product_brand","embeddable":true,"href":"https:\/\/additiz.com\/en_us\/wp-json\/wp\/v2\/product_brand?post=6127"},{"taxonomy":"product_cat","embeddable":true,"href":"https:\/\/additiz.com\/en_us\/wp-json\/wp\/v2\/product_cat?post=6127"},{"taxonomy":"product_tag","embeddable":true,"href":"https:\/\/additiz.com\/en_us\/wp-json\/wp\/v2\/product_tag?post=6127"}],"curies":[{"name":"wp","href":"https:\/\/api.w.org\/{rel}","templated":true}]}}