{"id":614,"date":"2025-05-16T10:23:39","date_gmt":"2025-05-16T08:23:39","guid":{"rendered":"https:\/\/additiz.com\/?post_type=product&#038;p=614"},"modified":"2026-02-14T18:31:51","modified_gmt":"2026-02-14T17:31:51","slug":"boite-de-rangement-pour-flasques-rtrc","status":"publish","type":"product","link":"https:\/\/additiz.com\/en_us\/boite-de-rangement-pour-flasques-rtrc\/","title":{"rendered":"Boite de rangement pour flasques RTRC"},"content":{"rendered":"<p>Boite adapt\u00e9e sp\u00e9cifiquement aux flasques de la marque RTRC, plusieurs logements non-marqu\u00e9es suppl\u00e9mentaires et un compartiment pour la visserie. Id\u00e9ale pour garder optimis\u00e9 votre stand MiniZ.<br \/>\nLa taille est parfaitement adapt\u00e9e aux pit box type Corally \/ Decathlon.<\/p>","protected":false},"excerpt":{"rendered":"<p>Boite adapt\u00e9e sp\u00e9cifiquement aux flasques de la marque RTRC, plusieurs logements non-marqu\u00e9es suppl\u00e9mentaires et un compartiment pour la visserie. Id\u00e9ale [&hellip;]<\/p>\n","protected":false},"featured_media":829,"template":"","meta":{"site-sidebar-layout":"default","site-content-layout":"","ast-site-content-layout":"default","site-content-style":"default","site-sidebar-style":"default","ast-global-header-display":"","ast-banner-title-visibility":"","ast-main-header-display":"","ast-hfb-above-header-display":"","ast-hfb-below-header-display":"","ast-hfb-mobile-header-display":"","site-post-title":"","ast-breadcrumbs-content":"","ast-featured-img":"","footer-sml-layout":"","ast-disable-related-posts":"","theme-transparent-header-meta":"default","adv-header-id-meta":"","stick-header-meta":"","header-above-stick-meta":"","header-main-stick-meta":"","header-below-stick-meta":"","astra-migrate-meta-layouts":"set","ast-page-background-enabled":"default","ast-page-background-meta":{"desktop":{"background-color":"var(--ast-global-color-5)","background-image":"","background-repeat":"repeat","background-position":"center center","background-size":"auto","background-attachment":"scroll","background-type":"","background-media":"","overlay-type":"","overlay-color":"","overlay-opacity":"","overlay-gradient":""},"tablet":{"background-color":"","background-image":"","background-repeat":"repeat","background-position":"center center","background-size":"auto","background-attachment":"scroll","background-type":"","background-media":"","overlay-type":"","overlay-color":"","overlay-opacity":"","overlay-gradient":""},"mobile":{"background-color":"","background-image":"","background-repeat":"repeat","background-position":"center center","background-size":"auto","background-attachment":"scroll","background-type":"","background-media":"","overlay-type":"","overlay-color":"","overlay-opacity":"","overlay-gradient":""}},"ast-content-background-meta":{"desktop":{"background-color":"var(--ast-global-color-4)","background-image":"","background-repeat":"repeat","background-position":"center center","background-size":"auto","background-attachment":"scroll","background-type":"","background-media":"","overlay-type":"","overlay-color":"","overlay-opacity":"","overlay-gradient":""},"tablet":{"background-color":"var(--ast-global-color-4)","background-image":"","background-repeat":"repeat","background-position":"center center","background-size":"auto","background-attachment":"scroll","background-type":"","background-media":"","overlay-type":"","overlay-color":"","overlay-opacity":"","overlay-gradient":""},"mobile":{"background-color":"var(--ast-global-color-4)","background-image":"","background-repeat":"repeat","background-position":"center center","background-size":"auto","background-attachment":"scroll","background-type":"","background-media":"","overlay-type":"","overlay-color":"","overlay-opacity":"","overlay-gradient":""}}},"product_brand":[20],"product_cat":[199,60,19,189,184,187,186,185,188,194],"product_tag":[54,22,53,56,21],"class_list":{"0":"post-614","1":"product","2":"type-product","3":"status-publish","4":"has-post-thumbnail","6":"product_brand-additiz-rc","7":"product_cat-1-28","8":"product_cat-stand","9":"product_cat-transport","10":"product_cat-additiz-rc","11":"product_cat-le-shop","12":"product_cat-par-categories","13":"product_cat-par-disciplines","14":"product_cat-par-echelle","15":"product_cat-par-marques","16":"product_cat-vitesse-par-discipline","17":"product_tag-1-28","18":"product_tag-accessoires","19":"product_tag-miniz","20":"product_tag-stand","21":"product_tag-transport","22":"desktop-align-left","23":"tablet-align-left","24":"mobile-align-left","26":"first","27":"instock","28":"taxable","29":"shipping-taxable","30":"purchasable","31":"product-type-variable"},"_links":{"self":[{"href":"https:\/\/additiz.com\/en_us\/wp-json\/wp\/v2\/product\/614","targetHints":{"allow":["GET"]}}],"collection":[{"href":"https:\/\/additiz.com\/en_us\/wp-json\/wp\/v2\/product"}],"about":[{"href":"https:\/\/additiz.com\/en_us\/wp-json\/wp\/v2\/types\/product"}],"wp:featuredmedia":[{"embeddable":true,"href":"https:\/\/additiz.com\/en_us\/wp-json\/wp\/v2\/media\/829"}],"wp:attachment":[{"href":"https:\/\/additiz.com\/en_us\/wp-json\/wp\/v2\/media?parent=614"}],"wp:term":[{"taxonomy":"product_brand","embeddable":true,"href":"https:\/\/additiz.com\/en_us\/wp-json\/wp\/v2\/product_brand?post=614"},{"taxonomy":"product_cat","embeddable":true,"href":"https:\/\/additiz.com\/en_us\/wp-json\/wp\/v2\/product_cat?post=614"},{"taxonomy":"product_tag","embeddable":true,"href":"https:\/\/additiz.com\/en_us\/wp-json\/wp\/v2\/product_tag?post=614"}],"curies":[{"name":"wp","href":"https:\/\/api.w.org\/{rel}","templated":true}]}}