{"id":6182,"date":"2026-02-21T11:36:15","date_gmt":"2026-02-21T10:36:15","guid":{"rendered":"https:\/\/additiz.com\/?post_type=product&#038;p=6182"},"modified":"2026-02-21T11:44:48","modified_gmt":"2026-02-21T10:44:48","slug":"rampe-pour-mesure-de-croisement-de-pont-pour-micro-crawler","status":"publish","type":"product","link":"https:\/\/additiz.com\/en_us\/rampe-pour-mesure-de-croisement-de-pont-pour-micro-crawler\/","title":{"rendered":"Rampe pour mesure de croisement de pont pour micro-crawler"},"content":{"rendered":"<p><strong data-start=\"640\" data-end=\"698\">Rampe de croisement de pont pour crawler RC petites \u00e9chelles (1\/30, 1\/32, 1\/35\u00e8me)<\/strong>\u00a0!<br \/>\nCompos\u00e9 de modules faciles \u00e0 assembler, ce kit est id\u00e9al pour mesurer et comparer facilement l&rsquo;amplitude des croisements de ponts.<\/p>\n<p>Une bande blanche le long de la rampes permet a l&rsquo;aide de l&rsquo;\u00e9querre fournie dans le kit de mesurer et marquer pr\u00e9cis\u00e9ment la mesure.<br \/>\nLe pieds est amovible pour \u00eatre facilement transport\u00e9 et stock\u00e9.<\/p>\n<p>&nbsp;<\/p>","protected":false},"excerpt":{"rendered":"<p><strong data-start=\"348\" data-end=\"391\">La comp\u00e9tition a d\u00e9j\u00e0 commenc\u00e9, qui aura le plus de croisement ?<\/strong><\/p>\n<p>Rampe RTI pour mesure de croisement de pont pour micro crawler.<\/p>","protected":false},"featured_media":6187,"template":"","meta":{"site-sidebar-layout":"default","site-content-layout":"","ast-site-content-layout":"default","site-content-style":"default","site-sidebar-style":"default","ast-global-header-display":"","ast-banner-title-visibility":"","ast-main-header-display":"","ast-hfb-above-header-display":"","ast-hfb-below-header-display":"","ast-hfb-mobile-header-display":"","site-post-title":"","ast-breadcrumbs-content":"","ast-featured-img":"","footer-sml-layout":"","ast-disable-related-posts":"","theme-transparent-header-meta":"default","adv-header-id-meta":"","stick-header-meta":"","header-above-stick-meta":"","header-main-stick-meta":"","header-below-stick-meta":"","astra-migrate-meta-layouts":"set","ast-page-background-enabled":"default","ast-page-background-meta":{"desktop":{"background-color":"var(--ast-global-color-5)","background-image":"","background-repeat":"repeat","background-position":"center center","background-size":"auto","background-attachment":"scroll","background-type":"","background-media":"","overlay-type":"","overlay-color":"","overlay-opacity":"","overlay-gradient":""},"tablet":{"background-color":"","background-image":"","background-repeat":"repeat","background-position":"center center","background-size":"auto","background-attachment":"scroll","background-type":"","background-media":"","overlay-type":"","overlay-color":"","overlay-opacity":"","overlay-gradient":""},"mobile":{"background-color":"","background-image":"","background-repeat":"repeat","background-position":"center center","background-size":"auto","background-attachment":"scroll","background-type":"","background-media":"","overlay-type":"","overlay-color":"","overlay-opacity":"","overlay-gradient":""}},"ast-content-background-meta":{"desktop":{"background-color":"var(--ast-global-color-4)","background-image":"","background-repeat":"repeat","background-position":"center center","background-size":"auto","background-attachment":"scroll","background-type":"","background-media":"","overlay-type":"","overlay-color":"","overlay-opacity":"","overlay-gradient":""},"tablet":{"background-color":"var(--ast-global-color-4)","background-image":"","background-repeat":"repeat","background-position":"center center","background-size":"auto","background-attachment":"scroll","background-type":"","background-media":"","overlay-type":"","overlay-color":"","overlay-opacity":"","overlay-gradient":""},"mobile":{"background-color":"var(--ast-global-color-4)","background-image":"","background-repeat":"repeat","background-position":"center center","background-size":"auto","background-attachment":"scroll","background-type":"","background-media":"","overlay-type":"","overlay-color":"","overlay-opacity":"","overlay-gradient":""}}},"product_brand":[121],"product_cat":[200,201,70,190,193,184,187,186,185,188],"product_tag":[150,151,152,22,122,170,169,123],"class_list":{"0":"post-6182","1":"product","2":"type-product","3":"status-publish","4":"has-post-thumbnail","6":"product_brand-alpine-rc","7":"product_cat-1-30","8":"product_cat-1-32","9":"product_cat-piste","10":"product_cat-alpine-rc","11":"product_cat-crawler-par-discipline","12":"product_cat-le-shop","13":"product_cat-par-categories","14":"product_cat-par-disciplines","15":"product_cat-par-echelle","16":"product_cat-par-marques","17":"product_tag-1-30","18":"product_tag-1-32","19":"product_tag-1-35","20":"product_tag-accessoires","21":"product_tag-crawler","22":"product_tag-doorok","23":"product_tag-orlandoo-hunter","24":"product_tag-scx30","25":"desktop-align-left","26":"tablet-align-left","27":"mobile-align-left","29":"first","30":"instock","31":"taxable","32":"shipping-taxable","33":"purchasable","34":"product-type-simple"},"_links":{"self":[{"href":"https:\/\/additiz.com\/en_us\/wp-json\/wp\/v2\/product\/6182","targetHints":{"allow":["GET"]}}],"collection":[{"href":"https:\/\/additiz.com\/en_us\/wp-json\/wp\/v2\/product"}],"about":[{"href":"https:\/\/additiz.com\/en_us\/wp-json\/wp\/v2\/types\/product"}],"wp:featuredmedia":[{"embeddable":true,"href":"https:\/\/additiz.com\/en_us\/wp-json\/wp\/v2\/media\/6187"}],"wp:attachment":[{"href":"https:\/\/additiz.com\/en_us\/wp-json\/wp\/v2\/media?parent=6182"}],"wp:term":[{"taxonomy":"product_brand","embeddable":true,"href":"https:\/\/additiz.com\/en_us\/wp-json\/wp\/v2\/product_brand?post=6182"},{"taxonomy":"product_cat","embeddable":true,"href":"https:\/\/additiz.com\/en_us\/wp-json\/wp\/v2\/product_cat?post=6182"},{"taxonomy":"product_tag","embeddable":true,"href":"https:\/\/additiz.com\/en_us\/wp-json\/wp\/v2\/product_tag?post=6182"}],"curies":[{"name":"wp","href":"https:\/\/api.w.org\/{rel}","templated":true}]}}