{"id":6239,"date":"2026-03-17T11:35:27","date_gmt":"2026-03-17T10:35:27","guid":{"rendered":"https:\/\/additiz.com\/?post_type=product&#038;p=6239"},"modified":"2026-03-17T11:39:39","modified_gmt":"2026-03-17T10:39:39","slug":"boite-de-rangement-et-dorganisation-roues-miniz-et-1-28","status":"publish","type":"product","link":"https:\/\/additiz.com\/en_us\/boite-de-rangement-et-dorganisation-roues-miniz-et-1-28\/","title":{"rendered":"Boite de rangement et d&rsquo;organisation roues MiniZ et 1\/28"},"content":{"rendered":"<p data-start=\"221\" data-end=\"465\">Optimisez votre espace avec cette <strong data-start=\"255\" data-end=\"337\">bo\u00eete de rangement sp\u00e9cialement con\u00e7ue pour les roues de MiniZ et ch\u00e2ssis 1\/28<\/strong>. Pens\u00e9e pour les pilotes exigeants, elle permet de trier, prot\u00e9ger et retrouver facilement vos roues, m\u00eame en pleine session.<\/p>\n<p data-start=\"467\" data-end=\"719\">Sa conception robuste garantit une excellente durabilit\u00e9, tandis que son format compact s\u2019int\u00e8gre parfaitement dans votre pitbox pour un rangement propre et efficace. Fini le d\u00e9sordre : chaque \u00e9l\u00e9ment trouve sa place pour un acc\u00e8s rapide et organis\u00e9.<\/p>\n<p data-section-id=\"frjjhw\" data-start=\"726\" data-end=\"745\"><strong data-start=\"730\" data-end=\"743\">Contenu :<\/strong><\/p>\n<ul>\n<li data-start=\"748\" data-end=\"770\">1 bo\u00eete de rangement<\/li>\n<li data-start=\"748\" data-end=\"770\">18 \u00e9tiquettes vierges pour une identification personnalis\u00e9e<\/li>\n<\/ul>","protected":false},"excerpt":{"rendered":"<p><strong>Rangez, identifiez, acc\u00e9dez en un instant. Organisation Optimale, Gain de Place Maximal. <\/strong>La solution id\u00e9ale pour organiser vos roues MiniZ avec efficacit\u00e9.<\/p>","protected":false},"featured_media":6352,"template":"","meta":{"site-sidebar-layout":"default","site-content-layout":"","ast-site-content-layout":"default","site-content-style":"default","site-sidebar-style":"default","ast-global-header-display":"","ast-banner-title-visibility":"","ast-main-header-display":"","ast-hfb-above-header-display":"","ast-hfb-below-header-display":"","ast-hfb-mobile-header-display":"","site-post-title":"","ast-breadcrumbs-content":"","ast-featured-img":"","footer-sml-layout":"","ast-disable-related-posts":"","theme-transparent-header-meta":"default","adv-header-id-meta":"","stick-header-meta":"","header-above-stick-meta":"","header-main-stick-meta":"","header-below-stick-meta":"","astra-migrate-meta-layouts":"set","ast-page-background-enabled":"default","ast-page-background-meta":{"desktop":{"background-color":"var(--ast-global-color-5)","background-image":"","background-repeat":"repeat","background-position":"center center","background-size":"auto","background-attachment":"scroll","background-type":"","background-media":"","overlay-type":"","overlay-color":"","overlay-opacity":"","overlay-gradient":""},"tablet":{"background-color":"","background-image":"","background-repeat":"repeat","background-position":"center center","background-size":"auto","background-attachment":"scroll","background-type":"","background-media":"","overlay-type":"","overlay-color":"","overlay-opacity":"","overlay-gradient":""},"mobile":{"background-color":"","background-image":"","background-repeat":"repeat","background-position":"center center","background-size":"auto","background-attachment":"scroll","background-type":"","background-media":"","overlay-type":"","overlay-color":"","overlay-opacity":"","overlay-gradient":""}},"ast-content-background-meta":{"desktop":{"background-color":"var(--ast-global-color-4)","background-image":"","background-repeat":"repeat","background-position":"center center","background-size":"auto","background-attachment":"scroll","background-type":"","background-media":"","overlay-type":"","overlay-color":"","overlay-opacity":"","overlay-gradient":""},"tablet":{"background-color":"var(--ast-global-color-4)","background-image":"","background-repeat":"repeat","background-position":"center center","background-size":"auto","background-attachment":"scroll","background-type":"","background-media":"","overlay-type":"","overlay-color":"","overlay-opacity":"","overlay-gradient":""},"mobile":{"background-color":"var(--ast-global-color-4)","background-image":"","background-repeat":"repeat","background-position":"center center","background-size":"auto","background-attachment":"scroll","background-type":"","background-media":"","overlay-type":"","overlay-color":"","overlay-opacity":"","overlay-gradient":""}}},"product_brand":[20],"product_cat":[198,60,19,189,192,49,184,187,186,185,188,194],"product_tag":[54,53,271,270,269,21],"class_list":{"0":"post-6239","1":"product","2":"type-product","3":"status-publish","4":"has-post-thumbnail","6":"product_brand-additiz-rc","7":"product_cat-1-24","8":"product_cat-stand","9":"product_cat-transport","10":"product_cat-additiz-rc","11":"product_cat-drift","12":"product_cat-jantes-miniz-et-1-28","13":"product_cat-le-shop","14":"product_cat-par-categories","15":"product_cat-par-disciplines","16":"product_cat-par-echelle","17":"product_cat-par-marques","18":"product_cat-vitesse-par-discipline","19":"product_tag-1-28","20":"product_tag-miniz","21":"product_tag-organisation","22":"product_tag-rangement","23":"product_tag-roues","24":"product_tag-transport","25":"desktop-align-left","26":"tablet-align-left","27":"mobile-align-left","29":"first","30":"instock","31":"taxable","32":"shipping-taxable","33":"purchasable","34":"product-type-variable","35":"has-default-attributes"},"_links":{"self":[{"href":"https:\/\/additiz.com\/en_us\/wp-json\/wp\/v2\/product\/6239","targetHints":{"allow":["GET"]}}],"collection":[{"href":"https:\/\/additiz.com\/en_us\/wp-json\/wp\/v2\/product"}],"about":[{"href":"https:\/\/additiz.com\/en_us\/wp-json\/wp\/v2\/types\/product"}],"wp:featuredmedia":[{"embeddable":true,"href":"https:\/\/additiz.com\/en_us\/wp-json\/wp\/v2\/media\/6352"}],"wp:attachment":[{"href":"https:\/\/additiz.com\/en_us\/wp-json\/wp\/v2\/media?parent=6239"}],"wp:term":[{"taxonomy":"product_brand","embeddable":true,"href":"https:\/\/additiz.com\/en_us\/wp-json\/wp\/v2\/product_brand?post=6239"},{"taxonomy":"product_cat","embeddable":true,"href":"https:\/\/additiz.com\/en_us\/wp-json\/wp\/v2\/product_cat?post=6239"},{"taxonomy":"product_tag","embeddable":true,"href":"https:\/\/additiz.com\/en_us\/wp-json\/wp\/v2\/product_tag?post=6239"}],"curies":[{"name":"wp","href":"https:\/\/api.w.org\/{rel}","templated":true}]}}