{"id":635,"date":"2025-05-08T11:25:22","date_gmt":"2025-05-08T09:25:22","guid":{"rendered":"https:\/\/additiz.com\/?post_type=product&#038;p=635"},"modified":"2026-02-14T18:02:34","modified_gmt":"2026-02-14T17:02:34","slug":"lot-de-40-plots-de-montage-rapide-piste-miniz-kyosho-rcp","status":"publish","type":"product","link":"https:\/\/additiz.com\/en_us\/lot-de-40-plots-de-montage-rapide-piste-miniz-kyosho-rcp\/","title":{"rendered":"Lot de 40 Plots de montage rapide piste MiniZ Kyosho \/ RCP"},"content":{"rendered":"<p>Lot de 40 plots pour votre piste Mini Z.<br \/>\nCes plots permettent de <strong data-start=\"2861\" data-end=\"2899\">monter et d\u00e9monter tr\u00e8s rapidement<\/strong> les pistes des marques RCP ou Kyosho. Con\u00e7us et fabriqu\u00e9s pour \u00eatre solides et durables, vous pouvez les personnaliser avec le nom de votre club ! Nous pouvons \u00e9galement \u00e9tudier l&rsquo;ajout d&rsquo;un logo, n&rsquo;h\u00e9sitez pas \u00e0 nous contacter.<\/p>","protected":false},"excerpt":{"rendered":"<p>Lot de 40 plots pour votre piste Mini Z. Ces plots permettent de monter et d\u00e9monter tr\u00e8s rapidement les pistes [&hellip;]<\/p>\n","protected":false},"featured_media":946,"template":"","meta":{"site-sidebar-layout":"default","site-content-layout":"","ast-site-content-layout":"default","site-content-style":"default","site-sidebar-style":"default","ast-global-header-display":"","ast-banner-title-visibility":"","ast-main-header-display":"","ast-hfb-above-header-display":"","ast-hfb-below-header-display":"","ast-hfb-mobile-header-display":"","site-post-title":"","ast-breadcrumbs-content":"","ast-featured-img":"","footer-sml-layout":"","ast-disable-related-posts":"","theme-transparent-header-meta":"default","adv-header-id-meta":"","stick-header-meta":"","header-above-stick-meta":"","header-main-stick-meta":"","header-below-stick-meta":"","astra-migrate-meta-layouts":"set","ast-page-background-enabled":"default","ast-page-background-meta":{"desktop":{"background-color":"var(--ast-global-color-5)","background-image":"","background-repeat":"repeat","background-position":"center center","background-size":"auto","background-attachment":"scroll","background-type":"","background-media":"","overlay-type":"","overlay-color":"","overlay-opacity":"","overlay-gradient":""},"tablet":{"background-color":"","background-image":"","background-repeat":"repeat","background-position":"center center","background-size":"auto","background-attachment":"scroll","background-type":"","background-media":"","overlay-type":"","overlay-color":"","overlay-opacity":"","overlay-gradient":""},"mobile":{"background-color":"","background-image":"","background-repeat":"repeat","background-position":"center center","background-size":"auto","background-attachment":"scroll","background-type":"","background-media":"","overlay-type":"","overlay-color":"","overlay-opacity":"","overlay-gradient":""}},"ast-content-background-meta":{"desktop":{"background-color":"var(--ast-global-color-4)","background-image":"","background-repeat":"repeat","background-position":"center center","background-size":"auto","background-attachment":"scroll","background-type":"","background-media":"","overlay-type":"","overlay-color":"","overlay-opacity":"","overlay-gradient":""},"tablet":{"background-color":"var(--ast-global-color-4)","background-image":"","background-repeat":"repeat","background-position":"center center","background-size":"auto","background-attachment":"scroll","background-type":"","background-media":"","overlay-type":"","overlay-color":"","overlay-opacity":"","overlay-gradient":""},"mobile":{"background-color":"var(--ast-global-color-4)","background-image":"","background-repeat":"repeat","background-position":"center center","background-size":"auto","background-attachment":"scroll","background-type":"","background-media":"","overlay-type":"","overlay-color":"","overlay-opacity":"","overlay-gradient":""}}},"product_brand":[20],"product_cat":[198,199,70,189,192,184,187,186,185,188,204,194],"product_tag":[54,22,71],"class_list":{"0":"post-635","1":"product","2":"type-product","3":"status-publish","4":"has-post-thumbnail","6":"product_brand-additiz-rc","7":"product_cat-1-24","8":"product_cat-1-28","9":"product_cat-piste","10":"product_cat-additiz-rc","11":"product_cat-drift","12":"product_cat-le-shop","13":"product_cat-par-categories","14":"product_cat-par-disciplines","15":"product_cat-par-echelle","16":"product_cat-par-marques","17":"product_cat-tout-terrain","18":"product_cat-vitesse-par-discipline","19":"product_tag-1-28","20":"product_tag-accessoires","21":"product_tag-piste","22":"desktop-align-left","23":"tablet-align-left","24":"mobile-align-left","26":"first","27":"instock","28":"taxable","29":"shipping-taxable","30":"purchasable","31":"product-type-variable","32":"has-default-attributes"},"_links":{"self":[{"href":"https:\/\/additiz.com\/en_us\/wp-json\/wp\/v2\/product\/635","targetHints":{"allow":["GET"]}}],"collection":[{"href":"https:\/\/additiz.com\/en_us\/wp-json\/wp\/v2\/product"}],"about":[{"href":"https:\/\/additiz.com\/en_us\/wp-json\/wp\/v2\/types\/product"}],"wp:featuredmedia":[{"embeddable":true,"href":"https:\/\/additiz.com\/en_us\/wp-json\/wp\/v2\/media\/946"}],"wp:attachment":[{"href":"https:\/\/additiz.com\/en_us\/wp-json\/wp\/v2\/media?parent=635"}],"wp:term":[{"taxonomy":"product_brand","embeddable":true,"href":"https:\/\/additiz.com\/en_us\/wp-json\/wp\/v2\/product_brand?post=635"},{"taxonomy":"product_cat","embeddable":true,"href":"https:\/\/additiz.com\/en_us\/wp-json\/wp\/v2\/product_cat?post=635"},{"taxonomy":"product_tag","embeddable":true,"href":"https:\/\/additiz.com\/en_us\/wp-json\/wp\/v2\/product_tag?post=635"}],"curies":[{"name":"wp","href":"https:\/\/api.w.org\/{rel}","templated":true}]}}