{"id":6605,"date":"2026-04-02T12:12:02","date_gmt":"2026-04-02T10:12:02","guid":{"rendered":"https:\/\/additiz.com\/?post_type=product&#038;p=6605"},"modified":"2026-04-02T12:12:03","modified_gmt":"2026-04-02T10:12:03","slug":"chassis-haute-performance-renard-rc-oldboy-aluminium-pour-axial-scx24","status":"publish","type":"product","link":"https:\/\/additiz.com\/en_us\/chassis-haute-performance-renard-rc-oldboy-aluminium-pour-axial-scx24\/","title":{"rendered":"Chassis haute performance Renard RC Oldboy Aluminium pour Axial SCX24"},"content":{"rendered":"<p class=\"p1\">Construisez votre crawler avec ce ch\u00e2ssis haute performance<b> Renard RC Oldboy<\/b>, con\u00e7u pour micro crawler sur base Axial SCX24<br \/>\n<b>Les points forts :<\/b><\/p>\n<ul>\n<li class=\"p1\"><b>Rails en Alu :<\/b> Rigides, l\u00e9gers et indestructibles.<\/li>\n<li class=\"p1\"><b style=\"font-style: inherit;\">Skid 13\u00b0 :<\/b><span style=\"font-size: 16px;\"> Angle d&rsquo;attaque optimis\u00e9 pour ne plus rester bloqu\u00e9 sur les rochers.<\/span><\/li>\n<li class=\"p1\"><b style=\"font-style: inherit;\">Ultra Polyvalent :<\/b><span style=\"font-size: 16px;\"> Le skid permet de monter le moteur \u00e0 l&rsquo;avant (Forward) ou \u00e0 l&rsquo;arri\u00e8re (Backward) selon vos besoins. La batterie peut \u00eatre mont\u00e9e sur le support lat\u00e9rale,<\/span> <span style=\"font-size: 16px;\">\u00e0 l&rsquo;avant<\/span> <span style=\"font-size: 16px;\">ou \u00e0 l&rsquo;arri\u00e8re<\/span><\/li>\n<li class=\"p1\"><b style=\"font-style: inherit;\">Fixation Magn\u00e9tique :<\/b><span style=\"font-size: 16px;\"> Supports 3D haute r\u00e9sistance avec aimants. Plus de clips, look 100% scale !<\/span><\/li>\n<\/ul>\n<p class=\"p3\"><b>Empattement:<\/b><span class=\"Apple-converted-space\">\u00a0 <\/span>de <b>130 mm \u00e0 155 mm<\/b><\/p>\n<p class=\"p2\"><b>Contenu du kit :<\/b><\/p>\n<ul>\n<li class=\"p2\">2 longerons en aluminium<\/li>\n<li class=\"p2\">Support de carrosserie avant (magn\u00e9tique)<\/li>\n<li class=\"p2\">Support de carrosserie arri\u00e8re (magn\u00e9tique)<\/li>\n<li class=\"p2\">Skid plate 13\u00b0<\/li>\n<li class=\"p2\">2 kits de supports lat\u00e9raux (dont un de rechange)<\/li>\n<li class=\"p2\">Plateforme pour l&rsquo;\u00e9lectronique<\/li>\n<li class=\"p2\">Bande velcro<\/li>\n<li class=\"p2\">Visserie M1.4<\/li>\n<\/ul>","protected":false},"excerpt":{"rendered":"<p><strong>Transformez votre SCX24 en animal avec ce kit haute performance Renard RC Oldboy !<\/strong><\/p>","protected":false},"featured_media":6606,"template":"","meta":{"site-sidebar-layout":"default","site-content-layout":"","ast-site-content-layout":"default","site-content-style":"default","site-sidebar-style":"default","ast-global-header-display":"","ast-banner-title-visibility":"","ast-main-header-display":"","ast-hfb-above-header-display":"","ast-hfb-below-header-display":"","ast-hfb-mobile-header-display":"","site-post-title":"","ast-breadcrumbs-content":"","ast-featured-img":"","footer-sml-layout":"","ast-disable-related-posts":"","theme-transparent-header-meta":"default","adv-header-id-meta":"","stick-header-meta":"","header-above-stick-meta":"","header-main-stick-meta":"","header-below-stick-meta":"","astra-migrate-meta-layouts":"set","ast-page-background-enabled":"default","ast-page-background-meta":{"desktop":{"background-color":"var(--ast-global-color-5)","background-image":"","background-repeat":"repeat","background-position":"center center","background-size":"auto","background-attachment":"scroll","background-type":"","background-media":"","overlay-type":"","overlay-color":"","overlay-opacity":"","overlay-gradient":""},"tablet":{"background-color":"","background-image":"","background-repeat":"repeat","background-position":"center center","background-size":"auto","background-attachment":"scroll","background-type":"","background-media":"","overlay-type":"","overlay-color":"","overlay-opacity":"","overlay-gradient":""},"mobile":{"background-color":"","background-image":"","background-repeat":"repeat","background-position":"center center","background-size":"auto","background-attachment":"scroll","background-type":"","background-media":"","overlay-type":"","overlay-color":"","overlay-opacity":"","overlay-gradient":""}},"ast-content-background-meta":{"desktop":{"background-color":"var(--ast-global-color-4)","background-image":"","background-repeat":"repeat","background-position":"center center","background-size":"auto","background-attachment":"scroll","background-type":"","background-media":"","overlay-type":"","overlay-color":"","overlay-opacity":"","overlay-gradient":""},"tablet":{"background-color":"var(--ast-global-color-4)","background-image":"","background-repeat":"repeat","background-position":"center center","background-size":"auto","background-attachment":"scroll","background-type":"","background-media":"","overlay-type":"","overlay-color":"","overlay-opacity":"","overlay-gradient":""},"mobile":{"background-color":"var(--ast-global-color-4)","background-image":"","background-repeat":"repeat","background-position":"center center","background-size":"auto","background-attachment":"scroll","background-type":"","background-media":"","overlay-type":"","overlay-color":"","overlay-opacity":"","overlay-gradient":""}}},"product_brand":[279],"product_cat":[184,198,107,193,187,186,185,188,278],"product_tag":[171,124,110,109,282,280],"class_list":{"0":"post-6605","1":"product","2":"type-product","3":"status-publish","4":"has-post-thumbnail","6":"product_brand-renard-rc","7":"product_cat-le-shop","8":"product_cat-1-24","9":"product_cat-chassis","10":"product_cat-crawler-par-discipline","11":"product_cat-par-categories","12":"product_cat-par-disciplines","13":"product_cat-par-echelle","14":"product_cat-par-marques","15":"product_cat-renard-rc","16":"product_tag-1-24","17":"product_tag-axial","18":"product_tag-chassis","19":"product_tag-kit","20":"product_tag-renard-rc","21":"product_tag-scx24","22":"desktop-align-left","23":"tablet-align-left","24":"mobile-align-left","26":"first","27":"instock","28":"taxable","29":"shipping-taxable","30":"purchasable","31":"product-type-simple"},"_links":{"self":[{"href":"https:\/\/additiz.com\/en_us\/wp-json\/wp\/v2\/product\/6605","targetHints":{"allow":["GET"]}}],"collection":[{"href":"https:\/\/additiz.com\/en_us\/wp-json\/wp\/v2\/product"}],"about":[{"href":"https:\/\/additiz.com\/en_us\/wp-json\/wp\/v2\/types\/product"}],"wp:featuredmedia":[{"embeddable":true,"href":"https:\/\/additiz.com\/en_us\/wp-json\/wp\/v2\/media\/6606"}],"wp:attachment":[{"href":"https:\/\/additiz.com\/en_us\/wp-json\/wp\/v2\/media?parent=6605"}],"wp:term":[{"taxonomy":"product_brand","embeddable":true,"href":"https:\/\/additiz.com\/en_us\/wp-json\/wp\/v2\/product_brand?post=6605"},{"taxonomy":"product_cat","embeddable":true,"href":"https:\/\/additiz.com\/en_us\/wp-json\/wp\/v2\/product_cat?post=6605"},{"taxonomy":"product_tag","embeddable":true,"href":"https:\/\/additiz.com\/en_us\/wp-json\/wp\/v2\/product_tag?post=6605"}],"curies":[{"name":"wp","href":"https:\/\/api.w.org\/{rel}","templated":true}]}}