{"id":842,"date":"2025-05-20T17:33:48","date_gmt":"2025-05-20T15:33:48","guid":{"rendered":"https:\/\/additiz.com\/?post_type=product&#038;p=842"},"modified":"2026-02-14T22:59:10","modified_gmt":"2026-02-14T21:59:10","slug":"set-complet-de-flasques","status":"publish","type":"product","link":"https:\/\/additiz.com\/en_us\/set-complet-de-flasques\/","title":{"rendered":"Set complet de flasques pour jantes Additiz Alfa pour MiniZ et chassis et 1\/28"},"content":{"rendered":"<p>Kit de flans de roues pour jantes Additiz RC, permettent de limiter les effets \u00ab\u00a0casquette\u00a0\u00bb.<br \/>\nCompatibles avec nos jantes <a href=\"https:\/\/additiz.com\/en_us\/product\/jantes-awd-modele-alfa\/\">AWD<\/a> et RWD.<br \/>\nEgalement disponibles <a href=\"https:\/\/additiz.com\/en_us\/product\/flasques-au-detail-lot-de-4\/\">au d\u00e9tail<\/a>.<\/p>\n<p>2 unit\u00e9s par taille, du 1 au 12 (diam\u00e8tres : 23,5 \/ 23,3 \/ 23,1 \/ 22,9 \/ 22, 7 \/ 22,5 \/ 22,3 \/ 22,1 \/ 21,9 \/ 21,7 \/ 21,5 \/ 21,3)<\/p>\n<p>Afin de garantir une r\u00e9sistance m\u00e9canique optimale, ce produit est fabriqu\u00e9 \u00e0 partir d\u2019un filament d\u2019ing\u00e9nierie de haute qualit\u00e9. Pour cette raison, seules les finitions noir, blanc et gris sont disponibles.<\/p>","protected":false},"excerpt":{"rendered":"<p>Kit de flans de roues pour jantes Additiz RC, permettent de limiter les effets \u00ab\u00a0casquette\u00a0\u00bb. Compatibles avec nos jantes AWD [&hellip;]<\/p>\n","protected":false},"featured_media":942,"template":"","meta":{"site-sidebar-layout":"default","site-content-layout":"","ast-site-content-layout":"default","site-content-style":"default","site-sidebar-style":"default","ast-global-header-display":"","ast-banner-title-visibility":"","ast-main-header-display":"","ast-hfb-above-header-display":"","ast-hfb-below-header-display":"","ast-hfb-mobile-header-display":"","site-post-title":"","ast-breadcrumbs-content":"","ast-featured-img":"","footer-sml-layout":"","ast-disable-related-posts":"","theme-transparent-header-meta":"default","adv-header-id-meta":"","stick-header-meta":"","header-above-stick-meta":"","header-main-stick-meta":"","header-below-stick-meta":"","astra-migrate-meta-layouts":"set","ast-page-background-enabled":"default","ast-page-background-meta":{"desktop":{"background-color":"var(--ast-global-color-5)","background-image":"","background-repeat":"repeat","background-position":"center center","background-size":"auto","background-attachment":"scroll","background-type":"","background-media":"","overlay-type":"","overlay-color":"","overlay-opacity":"","overlay-gradient":""},"tablet":{"background-color":"","background-image":"","background-repeat":"repeat","background-position":"center center","background-size":"auto","background-attachment":"scroll","background-type":"","background-media":"","overlay-type":"","overlay-color":"","overlay-opacity":"","overlay-gradient":""},"mobile":{"background-color":"","background-image":"","background-repeat":"repeat","background-position":"center center","background-size":"auto","background-attachment":"scroll","background-type":"","background-media":"","overlay-type":"","overlay-color":"","overlay-opacity":"","overlay-gradient":""}},"ast-content-background-meta":{"desktop":{"background-color":"var(--ast-global-color-4)","background-image":"","background-repeat":"repeat","background-position":"center center","background-size":"auto","background-attachment":"scroll","background-type":"","background-media":"","overlay-type":"","overlay-color":"","overlay-opacity":"","overlay-gradient":""},"tablet":{"background-color":"var(--ast-global-color-4)","background-image":"","background-repeat":"repeat","background-position":"center center","background-size":"auto","background-attachment":"scroll","background-type":"","background-media":"","overlay-type":"","overlay-color":"","overlay-opacity":"","overlay-gradient":""},"mobile":{"background-color":"var(--ast-global-color-4)","background-image":"","background-repeat":"repeat","background-position":"center center","background-size":"auto","background-attachment":"scroll","background-type":"","background-media":"","overlay-type":"","overlay-color":"","overlay-opacity":"","overlay-gradient":""}}},"product_brand":[20],"product_cat":[199,189,86,49,184,187,186,185,188,194],"product_tag":[54,88,53,87],"class_list":{"0":"post-842","1":"product","2":"type-product","3":"status-publish","4":"has-post-thumbnail","6":"product_brand-additiz-rc","7":"product_cat-1-28","8":"product_cat-additiz-rc","9":"product_cat-flasques","10":"product_cat-jantes-miniz-et-1-28","11":"product_cat-le-shop","12":"product_cat-par-categories","13":"product_cat-par-disciplines","14":"product_cat-par-echelle","15":"product_cat-par-marques","16":"product_cat-vitesse-par-discipline","17":"product_tag-1-28","18":"product_tag-flasques","19":"product_tag-miniz","20":"product_tag-roue-et-jantes","21":"desktop-align-left","22":"tablet-align-left","23":"mobile-align-left","25":"first","26":"instock","27":"taxable","28":"shipping-taxable","29":"purchasable","30":"product-type-variable","31":"has-default-attributes"},"_links":{"self":[{"href":"https:\/\/additiz.com\/en_us\/wp-json\/wp\/v2\/product\/842","targetHints":{"allow":["GET"]}}],"collection":[{"href":"https:\/\/additiz.com\/en_us\/wp-json\/wp\/v2\/product"}],"about":[{"href":"https:\/\/additiz.com\/en_us\/wp-json\/wp\/v2\/types\/product"}],"wp:featuredmedia":[{"embeddable":true,"href":"https:\/\/additiz.com\/en_us\/wp-json\/wp\/v2\/media\/942"}],"wp:attachment":[{"href":"https:\/\/additiz.com\/en_us\/wp-json\/wp\/v2\/media?parent=842"}],"wp:term":[{"taxonomy":"product_brand","embeddable":true,"href":"https:\/\/additiz.com\/en_us\/wp-json\/wp\/v2\/product_brand?post=842"},{"taxonomy":"product_cat","embeddable":true,"href":"https:\/\/additiz.com\/en_us\/wp-json\/wp\/v2\/product_cat?post=842"},{"taxonomy":"product_tag","embeddable":true,"href":"https:\/\/additiz.com\/en_us\/wp-json\/wp\/v2\/product_tag?post=842"}],"curies":[{"name":"wp","href":"https:\/\/api.w.org\/{rel}","templated":true}]}}